{"id":2067,"date":"2019-02-22T22:50:03","date_gmt":"2019-02-22T19:50:03","guid":{"rendered":"http:\/\/azfilmacademy.az\/?page_id=2067"},"modified":"2019-02-23T12:57:40","modified_gmt":"2019-02-23T09:57:40","slug":"kino-store","status":"publish","type":"page","link":"https:\/\/azfilmacademy.az\/az\/kino-store\/","title":{"rendered":"K\u0130NO STORE"},"content":{"rendered":"<div class=\"vc_row wpb_row vc_row-fluid\"><div class=\"wpb_column vc_column_container vc_col-sm-12 sc_layouts_column_icons_position_left\"><div class=\"vc_column-inner\"><div class=\"wpb_wrapper\"><div class=\"vc_separator wpb_content_element vc_separator_align_center vc_sep_width_100 vc_sep_pos_align_center vc_sep_color_juicy_pink vc_separator-has-text\" ><span class=\"vc_sep_holder vc_sep_holder_l\"><span  class=\"vc_sep_line\"><\/span><\/span><h4>K\u0130NO Store<\/h4><span class=\"vc_sep_holder vc_sep_holder_r\"><span  class=\"vc_sep_line\"><\/span><\/span>\n<\/div><\/div><\/div><\/div><\/div><div class=\"vc_row wpb_row vc_row-fluid\"><div class=\"wpb_animate_when_almost_visible wpb_fadeInUp fadeInUp wpb_column vc_column_container vc_col-sm-12 sc_layouts_column_icons_position_left\"><div class=\"vc_column-inner\"><div class=\"wpb_wrapper\"><div class=\"vc_message_box vc_message_box-standard vc_message_box-rounded vc_color-info\" >\n\t<div class=\"vc_message_box-icon\"><i class=\"fa fa-info-circle\"><\/i>\n\t<\/div><p>Kino store b\u00f6lm\u0259sind\u0259 haz\u0131rl\u0131q i\u015fl\u0259ri gedir. Yax\u0131n zamanda yenilikl\u0259rl\u0259 sizin xidm\u0259tinizd\u0259 olacaq. Az\u0259rbaycan Film Akademiyas\u0131 Kino Store b\u00f6lm\u0259sind\u0259 filml\u0259rin sat\u0131\u015f\u0131n\u0131 h\u0259yata ke\u00e7ir\u0259c\u0259k.<\/p>\n<\/div>\n<\/div><\/div><\/div><\/div>","protected":false},"excerpt":{"rendered":"K\u0130NO Store Kino store b\u00f6lm\u0259sind\u0259 haz\u0131rl\u0131q i\u015fl\u0259ri gedir. Yax\u0131n zamanda yenilikl\u0259rl\u0259 sizin xidm\u0259tinizd\u0259 olacaq. Az\u0259rbaycan&hellip;","protected":false},"author":1,"featured_media":0,"parent":0,"menu_order":0,"comment_status":"closed","ping_status":"closed","template":"","meta":{"footnotes":""},"class_list":["post-2067","page","type-page","status-publish","hentry"],"yoast_head":"<!-- This site is optimized with the Yoast SEO plugin v24.9 - https:\/\/yoast.com\/wordpress\/plugins\/seo\/ -->\n<title>K\u0130NO STORE - Az\u0259rbaycan Film Akademiyas\u0131<\/title>\n<meta name=\"description\" content=\"Kino store Azerbaycan Film Akademiyasinin layihesidir. Kino store bolmesinde filmlerin satisi heyata kecirelecek. yeni azerbaycan filmlerinin satisi ve oden\" \/>\n<meta name=\"robots\" content=\"index, follow, max-snippet:-1, max-image-preview:large, max-video-preview:-1\" \/>\n<link rel=\"canonical\" href=\"https:\/\/azfilmacademy.az\/az\/kino-store\/\" \/>\n<meta property=\"og:locale\" content=\"az_AZ\" \/>\n<meta property=\"og:type\" content=\"article\" \/>\n<meta property=\"og:title\" content=\"K\u0130NO STORE - Az\u0259rbaycan Film Akademiyas\u0131\" \/>\n<meta property=\"og:description\" content=\"Kino store Azerbaycan Film Akademiyasinin layihesidir. Kino store bolmesinde filmlerin satisi heyata kecirelecek. yeni azerbaycan filmlerinin satisi ve oden\" \/>\n<meta property=\"og:url\" content=\"https:\/\/azfilmacademy.az\/az\/kino-store\/\" \/>\n<meta property=\"og:site_name\" content=\"Az\u0259rbaycan Film Akademiyas\u0131\" \/>\n<meta property=\"article:publisher\" content=\"https:\/\/www.facebook.com\/azfilmacademy\" \/>\n<meta property=\"article:modified_time\" content=\"2019-02-23T09:57:40+00:00\" \/>\n<meta name=\"twitter:card\" content=\"summary_large_image\" \/>\n<meta name=\"twitter:site\" content=\"@akademiyasi\" \/>\n<script type=\"application\/ld+json\" class=\"yoast-schema-graph\">{\"@context\":\"https:\/\/schema.org\",\"@graph\":[{\"@type\":\"WebPage\",\"@id\":\"https:\/\/azfilmacademy.az\/az\/kino-store\/\",\"url\":\"https:\/\/azfilmacademy.az\/az\/kino-store\/\",\"name\":\"K\u0130NO STORE - Az\u0259rbaycan Film Akademiyas\u0131\",\"isPartOf\":{\"@id\":\"http:\/\/azfilmacademy.az\/#website\"},\"datePublished\":\"2019-02-22T19:50:03+00:00\",\"dateModified\":\"2019-02-23T09:57:40+00:00\",\"description\":\"Kino store Azerbaycan Film Akademiyasinin layihesidir. Kino store bolmesinde filmlerin satisi heyata kecirelecek. yeni azerbaycan filmlerinin satisi ve oden\",\"breadcrumb\":{\"@id\":\"https:\/\/azfilmacademy.az\/az\/kino-store\/#breadcrumb\"},\"inLanguage\":\"az\",\"potentialAction\":[{\"@type\":\"ReadAction\",\"target\":[\"https:\/\/azfilmacademy.az\/az\/kino-store\/\"]}]},{\"@type\":\"BreadcrumbList\",\"@id\":\"https:\/\/azfilmacademy.az\/az\/kino-store\/#breadcrumb\",\"itemListElement\":[{\"@type\":\"ListItem\",\"position\":1,\"name\":\"Home\",\"item\":\"http:\/\/azfilmacademy.az\/\"},{\"@type\":\"ListItem\",\"position\":2,\"name\":\"K\u0130NO STORE\"}]},{\"@type\":\"WebSite\",\"@id\":\"http:\/\/azfilmacademy.az\/#website\",\"url\":\"http:\/\/azfilmacademy.az\/\",\"name\":\"Az\u0259rbaycan Film Akademiyas\u0131\",\"description\":\"M\u00fcasir Kino M\u0259rk\u0259zi\",\"publisher\":{\"@id\":\"http:\/\/azfilmacademy.az\/#organization\"},\"potentialAction\":[{\"@type\":\"SearchAction\",\"target\":{\"@type\":\"EntryPoint\",\"urlTemplate\":\"http:\/\/azfilmacademy.az\/?s={search_term_string}\"},\"query-input\":{\"@type\":\"PropertyValueSpecification\",\"valueRequired\":true,\"valueName\":\"search_term_string\"}}],\"inLanguage\":\"az\"},{\"@type\":\"Organization\",\"@id\":\"http:\/\/azfilmacademy.az\/#organization\",\"name\":\"Az\u0259rbaycan Film Akademiyas\u0131\",\"url\":\"http:\/\/azfilmacademy.az\/\",\"logo\":{\"@type\":\"ImageObject\",\"inLanguage\":\"az\",\"@id\":\"http:\/\/azfilmacademy.az\/#\/schema\/logo\/image\/\",\"url\":\"http:\/\/azfilmacademy.az\/wp-content\/uploads\/2019\/01\/milli-kino.png\",\"contentUrl\":\"http:\/\/azfilmacademy.az\/wp-content\/uploads\/2019\/01\/milli-kino.png\",\"width\":90,\"height\":58,\"caption\":\"Az\u0259rbaycan Film Akademiyas\u0131\"},\"image\":{\"@id\":\"http:\/\/azfilmacademy.az\/#\/schema\/logo\/image\/\"},\"sameAs\":[\"https:\/\/www.facebook.com\/azfilmacademy\",\"https:\/\/x.com\/akademiyasi\",\"https:\/\/www.instagram.com\/azfilmacademy.az\/\",\"https:\/\/www.youtube.com\/channel\/UCVIQpxI0jiWS77v2ClLrtwg?view_as=subscriber\"]}]}<\/script>\n<!-- \/ Yoast SEO plugin. -->","yoast_head_json":{"title":"K\u0130NO STORE - Az\u0259rbaycan Film Akademiyas\u0131","description":"Kino store Azerbaycan Film Akademiyasinin layihesidir. Kino store bolmesinde filmlerin satisi heyata kecirelecek. yeni azerbaycan filmlerinin satisi ve oden","robots":{"index":"index","follow":"follow","max-snippet":"max-snippet:-1","max-image-preview":"max-image-preview:large","max-video-preview":"max-video-preview:-1"},"canonical":"https:\/\/azfilmacademy.az\/az\/kino-store\/","og_locale":"az_AZ","og_type":"article","og_title":"K\u0130NO STORE - Az\u0259rbaycan Film Akademiyas\u0131","og_description":"Kino store Azerbaycan Film Akademiyasinin layihesidir. Kino store bolmesinde filmlerin satisi heyata kecirelecek. yeni azerbaycan filmlerinin satisi ve oden","og_url":"https:\/\/azfilmacademy.az\/az\/kino-store\/","og_site_name":"Az\u0259rbaycan Film Akademiyas\u0131","article_publisher":"https:\/\/www.facebook.com\/azfilmacademy","article_modified_time":"2019-02-23T09:57:40+00:00","twitter_card":"summary_large_image","twitter_site":"@akademiyasi","schema":{"@context":"https:\/\/schema.org","@graph":[{"@type":"WebPage","@id":"https:\/\/azfilmacademy.az\/az\/kino-store\/","url":"https:\/\/azfilmacademy.az\/az\/kino-store\/","name":"K\u0130NO STORE - Az\u0259rbaycan Film Akademiyas\u0131","isPartOf":{"@id":"http:\/\/azfilmacademy.az\/#website"},"datePublished":"2019-02-22T19:50:03+00:00","dateModified":"2019-02-23T09:57:40+00:00","description":"Kino store Azerbaycan Film Akademiyasinin layihesidir. Kino store bolmesinde filmlerin satisi heyata kecirelecek. yeni azerbaycan filmlerinin satisi ve oden","breadcrumb":{"@id":"https:\/\/azfilmacademy.az\/az\/kino-store\/#breadcrumb"},"inLanguage":"az","potentialAction":[{"@type":"ReadAction","target":["https:\/\/azfilmacademy.az\/az\/kino-store\/"]}]},{"@type":"BreadcrumbList","@id":"https:\/\/azfilmacademy.az\/az\/kino-store\/#breadcrumb","itemListElement":[{"@type":"ListItem","position":1,"name":"Home","item":"http:\/\/azfilmacademy.az\/"},{"@type":"ListItem","position":2,"name":"K\u0130NO STORE"}]},{"@type":"WebSite","@id":"http:\/\/azfilmacademy.az\/#website","url":"http:\/\/azfilmacademy.az\/","name":"Az\u0259rbaycan Film Akademiyas\u0131","description":"M\u00fcasir Kino M\u0259rk\u0259zi","publisher":{"@id":"http:\/\/azfilmacademy.az\/#organization"},"potentialAction":[{"@type":"SearchAction","target":{"@type":"EntryPoint","urlTemplate":"http:\/\/azfilmacademy.az\/?s={search_term_string}"},"query-input":{"@type":"PropertyValueSpecification","valueRequired":true,"valueName":"search_term_string"}}],"inLanguage":"az"},{"@type":"Organization","@id":"http:\/\/azfilmacademy.az\/#organization","name":"Az\u0259rbaycan Film Akademiyas\u0131","url":"http:\/\/azfilmacademy.az\/","logo":{"@type":"ImageObject","inLanguage":"az","@id":"http:\/\/azfilmacademy.az\/#\/schema\/logo\/image\/","url":"http:\/\/azfilmacademy.az\/wp-content\/uploads\/2019\/01\/milli-kino.png","contentUrl":"http:\/\/azfilmacademy.az\/wp-content\/uploads\/2019\/01\/milli-kino.png","width":90,"height":58,"caption":"Az\u0259rbaycan Film Akademiyas\u0131"},"image":{"@id":"http:\/\/azfilmacademy.az\/#\/schema\/logo\/image\/"},"sameAs":["https:\/\/www.facebook.com\/azfilmacademy","https:\/\/x.com\/akademiyasi","https:\/\/www.instagram.com\/azfilmacademy.az\/","https:\/\/www.youtube.com\/channel\/UCVIQpxI0jiWS77v2ClLrtwg?view_as=subscriber"]}]}},"_links":{"self":[{"href":"https:\/\/azfilmacademy.az\/az\/wp-json\/wp\/v2\/pages\/2067","targetHints":{"allow":["GET"]}}],"collection":[{"href":"https:\/\/azfilmacademy.az\/az\/wp-json\/wp\/v2\/pages"}],"about":[{"href":"https:\/\/azfilmacademy.az\/az\/wp-json\/wp\/v2\/types\/page"}],"author":[{"embeddable":true,"href":"https:\/\/azfilmacademy.az\/az\/wp-json\/wp\/v2\/users\/1"}],"replies":[{"embeddable":true,"href":"https:\/\/azfilmacademy.az\/az\/wp-json\/wp\/v2\/comments?post=2067"}],"version-history":[{"count":9,"href":"https:\/\/azfilmacademy.az\/az\/wp-json\/wp\/v2\/pages\/2067\/revisions"}],"predecessor-version":[{"id":2080,"href":"https:\/\/azfilmacademy.az\/az\/wp-json\/wp\/v2\/pages\/2067\/revisions\/2080"}],"wp:attachment":[{"href":"https:\/\/azfilmacademy.az\/az\/wp-json\/wp\/v2\/media?parent=2067"}],"curies":[{"name":"wp","href":"https:\/\/api.w.org\/{rel}","templated":true}]}}