{"id":1801,"date":"2019-02-12T11:27:02","date_gmt":"2019-02-12T08:27:02","guid":{"rendered":"http:\/\/azfilmacademy.az\/?page_id=1801"},"modified":"2019-02-12T12:28:40","modified_gmt":"2019-02-12T09:28:40","slug":"master-class","status":"publish","type":"page","link":"https:\/\/azfilmacademy.az\/az\/master-class\/","title":{"rendered":"MASTER CLASS"},"content":{"rendered":"<div class=\"vc_row wpb_row vc_row-fluid\"><div class=\"wpb_column vc_column_container vc_col-sm-12 sc_layouts_column_icons_position_left\"><div class=\"vc_column-inner\"><div class=\"wpb_wrapper\">\n\t<div class=\"wpb_text_column wpb_content_element\" >\n\t\t<div class=\"wpb_wrapper\">\n\t\t\t<h3><strong>MASTER CLASS<\/strong><\/h3>\n<p>Az\u0259rbaycan\u0131n tan\u0131nm\u0131\u015f rejissor, aktyor v\u0259 \u00fcmumiyy\u0259tl\u0259 film sah\u0259sind\u0259 f\u0259aliyy\u0259t g\u00f6st\u0259r\u0259n pe\u015f\u0259kar insanlar\u0131n seminarlar\u0131na <a href=\"https:\/\/docs.google.com\/forms\/d\/e\/1FAIpQLSerXjAC5q34mhuTt2j6GE65CPE19CNiARrRlJJGybiv7MwqvQ\/viewform\">qat\u0131laraq<\/a> t\u0259cr\u00fcb\u0259l\u0259rind\u0259n faydalana bil\u0259rsiniz. Pe\u015f\u0259karlar\u0131n u\u011fur hekay\u0259l\u0259rini v\u0259 q\u0259t etdikl\u0259ri yolu dinl\u0259y\u0259r\u0259k pe\u015f\u0259kar\u0131\u011fa siz d\u0259 add\u0131m at\u0131n.<\/p>\n\n\t\t<\/div>\n\t<\/div>\n<\/div><\/div><\/div><\/div><div class=\"vc_row wpb_row vc_row-fluid\"><div class=\"wpb_column vc_column_container vc_col-sm-12 sc_layouts_column_icons_position_left\"><div class=\"vc_column-inner\"><div class=\"wpb_wrapper\"><div class=\"vc_btn3-container vc_btn3-inline\" >\n\t<a style=\"background-color:#ededed; color:#666666;\" class=\"vc_general vc_btn3 vc_btn3-size-md vc_btn3-shape-rounded vc_btn3-style-custom\" href=\"https:\/\/docs.google.com\/forms\/d\/e\/1FAIpQLSerXjAC5q34mhuTt2j6GE65CPE19CNiARrRlJJGybiv7MwqvQ\/viewform\" title=\"Google forum\" target=\"_blank\">QEYD\u0130YYAT<\/a><\/div>\n<\/div><\/div><\/div><\/div><div class=\"vc_row wpb_row vc_row-fluid\"><div class=\"wpb_column vc_column_container vc_col-sm-12 sc_layouts_column_icons_position_left\"><div class=\"vc_column-inner\"><div class=\"wpb_wrapper\"><\/div><\/div><\/div><\/div><div class=\"vc_row wpb_row vc_row-fluid\"><div class=\"wpb_column vc_column_container vc_col-sm-12 sc_layouts_column_icons_position_left\"><div class=\"vc_column-inner\"><div class=\"wpb_wrapper\"><!-- vc_grid start -->\n<div class=\"vc_grid-container-wrapper vc_clearfix\" >\n\t<div class=\"vc_grid-container vc_clearfix wpb_content_element vc_media_grid\" data-initial-loading-animation=\"fadeIn\" data-vc-grid-settings=\"{&quot;page_id&quot;:1801,&quot;style&quot;:&quot;all&quot;,&quot;action&quot;:&quot;vc_get_vc_grid_data&quot;,&quot;shortcode_id&quot;:&quot;{\\&quot;failed_to_get_id\\&quot;:\\&quot;vc_gid:1549962516096-9e74d0d8-27a7-9\\&quot;}&quot;,&quot;tag&quot;:&quot;vc_media_grid&quot;}\" data-vc-request=\"https:\/\/azfilmacademy.az\/wp-admin\/admin-ajax.php\" data-vc-post-id=\"1801\" data-vc-public-nonce=\"3e25227b89\">\n\t<\/div>\n<\/div><!-- vc_grid end -->\n<\/div><\/div><\/div><\/div>","protected":false},"excerpt":{"rendered":"MASTER CLASS Az\u0259rbaycan\u0131n tan\u0131nm\u0131\u015f rejissor, aktyor v\u0259 \u00fcmumiyy\u0259tl\u0259 film sah\u0259sind\u0259 f\u0259aliyy\u0259t g\u00f6st\u0259r\u0259n pe\u015f\u0259kar insanlar\u0131n seminarlar\u0131na&hellip;","protected":false},"author":1,"featured_media":0,"parent":0,"menu_order":0,"comment_status":"closed","ping_status":"closed","template":"","meta":{"footnotes":""},"class_list":["post-1801","page","type-page","status-publish","hentry"],"yoast_head":"<!-- This site is optimized with the Yoast SEO plugin v24.9 - https:\/\/yoast.com\/wordpress\/plugins\/seo\/ -->\n<title>MASTER CLASS - Az\u0259rbaycan Film Akademiyas\u0131<\/title>\n<meta name=\"description\" content=\"Azerbaycan film Akademiyasi master klas seminarlari teskil edir. Film sahesinde tecrube qazanmaq ucun seminarlara qatila bilersiniz master klas rejissorluq\" \/>\n<meta name=\"robots\" content=\"index, follow, max-snippet:-1, max-image-preview:large, max-video-preview:-1\" \/>\n<link rel=\"canonical\" href=\"https:\/\/azfilmacademy.az\/az\/master-class\/\" \/>\n<meta property=\"og:locale\" content=\"az_AZ\" \/>\n<meta property=\"og:type\" content=\"article\" \/>\n<meta property=\"og:title\" content=\"MASTER CLASS - Az\u0259rbaycan Film Akademiyas\u0131\" \/>\n<meta property=\"og:description\" content=\"Azerbaycan film Akademiyasi master klas seminarlari teskil edir. Film sahesinde tecrube qazanmaq ucun seminarlara qatila bilersiniz master klas rejissorluq\" \/>\n<meta property=\"og:url\" content=\"https:\/\/azfilmacademy.az\/az\/master-class\/\" \/>\n<meta property=\"og:site_name\" content=\"Az\u0259rbaycan Film Akademiyas\u0131\" \/>\n<meta property=\"article:publisher\" content=\"https:\/\/www.facebook.com\/azfilmacademy\" \/>\n<meta property=\"article:modified_time\" content=\"2019-02-12T09:28:40+00:00\" \/>\n<meta name=\"twitter:card\" content=\"summary_large_image\" \/>\n<meta name=\"twitter:site\" content=\"@akademiyasi\" \/>\n<meta name=\"twitter:label1\" content=\"Est. reading time\" \/>\n\t<meta name=\"twitter:data1\" content=\"1 minute\" \/>\n<script type=\"application\/ld+json\" class=\"yoast-schema-graph\">{\"@context\":\"https:\/\/schema.org\",\"@graph\":[{\"@type\":\"WebPage\",\"@id\":\"https:\/\/azfilmacademy.az\/master-class\/\",\"url\":\"https:\/\/azfilmacademy.az\/master-class\/\",\"name\":\"MASTER CLASS - Az\u0259rbaycan Film Akademiyas\u0131\",\"isPartOf\":{\"@id\":\"https:\/\/azfilmacademy.az\/#website\"},\"datePublished\":\"2019-02-12T08:27:02+00:00\",\"dateModified\":\"2019-02-12T09:28:40+00:00\",\"description\":\"Azerbaycan film Akademiyasi master klas seminarlari teskil edir. Film sahesinde tecrube qazanmaq ucun seminarlara qatila bilersiniz master klas rejissorluq\",\"breadcrumb\":{\"@id\":\"https:\/\/azfilmacademy.az\/master-class\/#breadcrumb\"},\"inLanguage\":\"az\",\"potentialAction\":[{\"@type\":\"ReadAction\",\"target\":[\"https:\/\/azfilmacademy.az\/master-class\/\"]}]},{\"@type\":\"BreadcrumbList\",\"@id\":\"https:\/\/azfilmacademy.az\/master-class\/#breadcrumb\",\"itemListElement\":[{\"@type\":\"ListItem\",\"position\":1,\"name\":\"Home\",\"item\":\"https:\/\/azfilmacademy.az\/\"},{\"@type\":\"ListItem\",\"position\":2,\"name\":\"MASTER CLASS\"}]},{\"@type\":\"WebSite\",\"@id\":\"https:\/\/azfilmacademy.az\/#website\",\"url\":\"https:\/\/azfilmacademy.az\/\",\"name\":\"Az\u0259rbaycan Film Akademiyas\u0131\",\"description\":\"M\u00fcasir Kino M\u0259rk\u0259zi\",\"publisher\":{\"@id\":\"https:\/\/azfilmacademy.az\/#organization\"},\"potentialAction\":[{\"@type\":\"SearchAction\",\"target\":{\"@type\":\"EntryPoint\",\"urlTemplate\":\"https:\/\/azfilmacademy.az\/?s={search_term_string}\"},\"query-input\":{\"@type\":\"PropertyValueSpecification\",\"valueRequired\":true,\"valueName\":\"search_term_string\"}}],\"inLanguage\":\"az\"},{\"@type\":\"Organization\",\"@id\":\"https:\/\/azfilmacademy.az\/#organization\",\"name\":\"Az\u0259rbaycan Film Akademiyas\u0131\",\"url\":\"https:\/\/azfilmacademy.az\/\",\"logo\":{\"@type\":\"ImageObject\",\"inLanguage\":\"az\",\"@id\":\"https:\/\/azfilmacademy.az\/#\/schema\/logo\/image\/\",\"url\":\"http:\/\/azfilmacademy.az\/wp-content\/uploads\/2019\/01\/milli-kino.png\",\"contentUrl\":\"http:\/\/azfilmacademy.az\/wp-content\/uploads\/2019\/01\/milli-kino.png\",\"width\":90,\"height\":58,\"caption\":\"Az\u0259rbaycan Film Akademiyas\u0131\"},\"image\":{\"@id\":\"https:\/\/azfilmacademy.az\/#\/schema\/logo\/image\/\"},\"sameAs\":[\"https:\/\/www.facebook.com\/azfilmacademy\",\"https:\/\/x.com\/akademiyasi\",\"https:\/\/www.instagram.com\/azfilmacademy.az\/\",\"https:\/\/www.youtube.com\/channel\/UCVIQpxI0jiWS77v2ClLrtwg?view_as=subscriber\"]}]}<\/script>\n<!-- \/ Yoast SEO plugin. -->","yoast_head_json":{"title":"MASTER CLASS - Az\u0259rbaycan Film Akademiyas\u0131","description":"Azerbaycan film Akademiyasi master klas seminarlari teskil edir. Film sahesinde tecrube qazanmaq ucun seminarlara qatila bilersiniz master klas rejissorluq","robots":{"index":"index","follow":"follow","max-snippet":"max-snippet:-1","max-image-preview":"max-image-preview:large","max-video-preview":"max-video-preview:-1"},"canonical":"https:\/\/azfilmacademy.az\/az\/master-class\/","og_locale":"az_AZ","og_type":"article","og_title":"MASTER CLASS - Az\u0259rbaycan Film Akademiyas\u0131","og_description":"Azerbaycan film Akademiyasi master klas seminarlari teskil edir. Film sahesinde tecrube qazanmaq ucun seminarlara qatila bilersiniz master klas rejissorluq","og_url":"https:\/\/azfilmacademy.az\/az\/master-class\/","og_site_name":"Az\u0259rbaycan Film Akademiyas\u0131","article_publisher":"https:\/\/www.facebook.com\/azfilmacademy","article_modified_time":"2019-02-12T09:28:40+00:00","twitter_card":"summary_large_image","twitter_site":"@akademiyasi","twitter_misc":{"Est. reading time":"1 minute"},"schema":{"@context":"https:\/\/schema.org","@graph":[{"@type":"WebPage","@id":"https:\/\/azfilmacademy.az\/master-class\/","url":"https:\/\/azfilmacademy.az\/master-class\/","name":"MASTER CLASS - Az\u0259rbaycan Film Akademiyas\u0131","isPartOf":{"@id":"https:\/\/azfilmacademy.az\/#website"},"datePublished":"2019-02-12T08:27:02+00:00","dateModified":"2019-02-12T09:28:40+00:00","description":"Azerbaycan film Akademiyasi master klas seminarlari teskil edir. Film sahesinde tecrube qazanmaq ucun seminarlara qatila bilersiniz master klas rejissorluq","breadcrumb":{"@id":"https:\/\/azfilmacademy.az\/master-class\/#breadcrumb"},"inLanguage":"az","potentialAction":[{"@type":"ReadAction","target":["https:\/\/azfilmacademy.az\/master-class\/"]}]},{"@type":"BreadcrumbList","@id":"https:\/\/azfilmacademy.az\/master-class\/#breadcrumb","itemListElement":[{"@type":"ListItem","position":1,"name":"Home","item":"https:\/\/azfilmacademy.az\/"},{"@type":"ListItem","position":2,"name":"MASTER CLASS"}]},{"@type":"WebSite","@id":"https:\/\/azfilmacademy.az\/#website","url":"https:\/\/azfilmacademy.az\/","name":"Az\u0259rbaycan Film Akademiyas\u0131","description":"M\u00fcasir Kino M\u0259rk\u0259zi","publisher":{"@id":"https:\/\/azfilmacademy.az\/#organization"},"potentialAction":[{"@type":"SearchAction","target":{"@type":"EntryPoint","urlTemplate":"https:\/\/azfilmacademy.az\/?s={search_term_string}"},"query-input":{"@type":"PropertyValueSpecification","valueRequired":true,"valueName":"search_term_string"}}],"inLanguage":"az"},{"@type":"Organization","@id":"https:\/\/azfilmacademy.az\/#organization","name":"Az\u0259rbaycan Film Akademiyas\u0131","url":"https:\/\/azfilmacademy.az\/","logo":{"@type":"ImageObject","inLanguage":"az","@id":"https:\/\/azfilmacademy.az\/#\/schema\/logo\/image\/","url":"http:\/\/azfilmacademy.az\/wp-content\/uploads\/2019\/01\/milli-kino.png","contentUrl":"http:\/\/azfilmacademy.az\/wp-content\/uploads\/2019\/01\/milli-kino.png","width":90,"height":58,"caption":"Az\u0259rbaycan Film Akademiyas\u0131"},"image":{"@id":"https:\/\/azfilmacademy.az\/#\/schema\/logo\/image\/"},"sameAs":["https:\/\/www.facebook.com\/azfilmacademy","https:\/\/x.com\/akademiyasi","https:\/\/www.instagram.com\/azfilmacademy.az\/","https:\/\/www.youtube.com\/channel\/UCVIQpxI0jiWS77v2ClLrtwg?view_as=subscriber"]}]}},"_links":{"self":[{"href":"https:\/\/azfilmacademy.az\/az\/wp-json\/wp\/v2\/pages\/1801","targetHints":{"allow":["GET"]}}],"collection":[{"href":"https:\/\/azfilmacademy.az\/az\/wp-json\/wp\/v2\/pages"}],"about":[{"href":"https:\/\/azfilmacademy.az\/az\/wp-json\/wp\/v2\/types\/page"}],"author":[{"embeddable":true,"href":"https:\/\/azfilmacademy.az\/az\/wp-json\/wp\/v2\/users\/1"}],"replies":[{"embeddable":true,"href":"https:\/\/azfilmacademy.az\/az\/wp-json\/wp\/v2\/comments?post=1801"}],"version-history":[{"count":6,"href":"https:\/\/azfilmacademy.az\/az\/wp-json\/wp\/v2\/pages\/1801\/revisions"}],"predecessor-version":[{"id":1816,"href":"https:\/\/azfilmacademy.az\/az\/wp-json\/wp\/v2\/pages\/1801\/revisions\/1816"}],"wp:attachment":[{"href":"https:\/\/azfilmacademy.az\/az\/wp-json\/wp\/v2\/media?parent=1801"}],"curies":[{"name":"wp","href":"https:\/\/api.w.org\/{rel}","templated":true}]}}