{"id":1703,"date":"2019-02-08T15:42:25","date_gmt":"2019-02-08T12:42:25","guid":{"rendered":"http:\/\/azfilmacademy.az\/?page_id=1703"},"modified":"2019-02-08T23:14:00","modified_gmt":"2019-02-08T20:14:00","slug":"aktyorluq-mektebi","status":"publish","type":"page","link":"https:\/\/azfilmacademy.az\/az\/aktyorluq-mektebi\/","title":{"rendered":"AKTYORLUQ M\u018fKT\u018fB\u0130"},"content":{"rendered":"<div class=\"vc_row wpb_row vc_row-fluid\"><div class=\"wpb_column vc_column_container vc_col-sm-12 sc_layouts_column_icons_position_left\"><div class=\"vc_column-inner\"><div class=\"wpb_wrapper\"><div  id=\"sc_promo_1521604162\" \n\tclass=\"sc_promo color_style_default sc_promo_default sc_promo_size_normal sc_promo_no_paddings sc_promo_no_image\"><div class=\"sc_promo_text\" style=\"width: 100%;\">\n\t\t\t<div class=\"sc_promo_text_inner sc_content_width_100%\" style=\"\"><h3 class=\"sc_item_title sc_promo_title sc_align_left sc_item_title_style_default\">AKTYORLUQ M\u018fKT\u018fB\u0130<\/h3><div class=\"sc_item_descr sc_promo_descr sc_align_left\"><p>Az\u0259rbaycan Film Akademiyas\u0131, Aktyorluq M\u0259kt\u0259bind\u0259 m\u00fcasir aktyorluq metodlar\u0131 t\u0259dris edilir. Effekti aktyor olma\u011f\u0131n inc\u0259likl\u0259ri v\u0259 yax\u015f\u0131 aktyor olmaq \u00fc\u00e7\u00fcn rejissor n\u0259y\u0259 diqq\u0259t etm\u0259lidir v\u0259 buna ox\u015far b\u00fct\u00fcn suallar\u0131n cavab\u0131 \u00fc\u00e7\u00fcn Az\u0259rbaycan film akademiyas\u0131n\u0131n aktyorluq kurslar\u0131na qat\u0131la bil\u0259rsiniz.<\/p>\n<\/div><div class=\"sc_item_button sc_button_wrap sc_align_left\"><a href=\"https:\/\/docs.google.com\/forms\/d\/e\/1FAIpQLSerXjAC5q34mhuTt2j6GE65CPE19CNiARrRlJJGybiv7MwqvQ\/viewform\" id=\"sc_button_1245592756\" class=\"sc_button color_style_default sc_button_default sc_item_button sc_item_button_default sc_promo_button sc_button_size_normal sc_button_icon_left\"><span class=\"sc_button_text\"><span class=\"sc_button_title\">QEYD\u0130YYAT<\/span><\/span><!-- \/.sc_button_text --><\/a><!-- \/.sc_button --><\/div><!-- \/.sc_item_button --><\/div>\n\t\t<\/div><!-- \/.sc_promo_text --><\/div><!-- \/.sc_promo --><\/div><\/div><\/div><\/div><div class=\"vc_row wpb_row vc_row-fluid\"><div class=\"wpb_column vc_column_container vc_col-sm-12 sc_layouts_column_icons_position_left\"><div class=\"vc_column-inner\"><div class=\"wpb_wrapper\">\n\t<div class=\"wpb_gallery wpb_posts_slider wpb_content_element\" >\n\t\t<div class=\"wpb_wrapper\">\n\t\t\t\n\t\t\t<div class=\"wpb_gallery_slides wpb_flexslider flexslider_fade flexslider\" data-interval=\"10\" data-flex_fx=\"fade\"><ul class=\"slides\"><li><a class=\"link_image\" href=\"https:\/\/azfilmacademy.az\/az\/aktyorluq-kursu-2\/\" title=\"Permalink to \u018fN EFFEKTL\u0130 AKTYORLUQ KURSU &#8211; K\u0130NO M\u018fKT\u018fB\u0130\"><img loading=\"lazy\" decoding=\"async\" width=\"300\" height=\"300\" src=\"https:\/\/azfilmacademy.az\/wp-content\/uploads\/2022\/09\/aktyor-olmaq-300x300.jpg\" class=\"attachment-medium\" alt=\"\" srcset=\"https:\/\/azfilmacademy.az\/wp-content\/uploads\/2022\/09\/aktyor-olmaq-300x300.jpg 300w, https:\/\/azfilmacademy.az\/wp-content\/uploads\/2022\/09\/aktyor-olmaq-1024x1024.jpg 1024w, https:\/\/azfilmacademy.az\/wp-content\/uploads\/2022\/09\/aktyor-olmaq-150x150.jpg 150w, https:\/\/azfilmacademy.az\/wp-content\/uploads\/2022\/09\/aktyor-olmaq-768x768.jpg 768w, https:\/\/azfilmacademy.az\/wp-content\/uploads\/2022\/09\/aktyor-olmaq-1536x1536.jpg 1536w, https:\/\/azfilmacademy.az\/wp-content\/uploads\/2022\/09\/aktyor-olmaq-12x12.jpg 12w, https:\/\/azfilmacademy.az\/wp-content\/uploads\/2022\/09\/aktyor-olmaq-370x370.jpg 370w, https:\/\/azfilmacademy.az\/wp-content\/uploads\/2022\/09\/aktyor-olmaq-760x760.jpg 760w, https:\/\/azfilmacademy.az\/wp-content\/uploads\/2022\/09\/aktyor-olmaq-105x105.jpg 105w, https:\/\/azfilmacademy.az\/wp-content\/uploads\/2022\/09\/aktyor-olmaq-600x600.jpg 600w, https:\/\/azfilmacademy.az\/wp-content\/uploads\/2022\/09\/aktyor-olmaq.jpg 2000w\" sizes=\"auto, (max-width: 300px) 100vw, 300px\" \/><\/a><div class=\"flex-caption\"><p>Az\u0259rbaycan Film Akademiyas\u0131 \u2013 M\u00fcasir Aktyorluq, Rejissorluq v\u0259 Ssenari T\u0259drisinin M\u0259rk\u0259zi Az\u0259rbaycan Film Akademiyas\u0131 2020-ci&hellip;<\/p>\n<\/div><\/li><li><a class=\"link_image\" href=\"https:\/\/azfilmacademy.az\/az\/flix-film-school-privacy-policy\/\" title=\"Permalink to Flix Film School \u2013 Privacy Policy\"><\/a><div class=\"flex-caption\"><p>Effective Date: January 1, 2025 Flix Film School (\u201cwe\u201d, \u201cour\u201d, \u201cus\u201d) operates as an educational&hellip;<\/p>\n<\/div><\/li><li><a class=\"link_image\" href=\"https:\/\/azfilmacademy.az\/az\/g%c9%99l-ged%c9%99k\/\" title=\"Permalink to G\u018fL GED\u018fK\"><img loading=\"lazy\" decoding=\"async\" width=\"212\" height=\"300\" src=\"https:\/\/azfilmacademy.az\/wp-content\/uploads\/2025\/10\/WhatsApp-Image-2025-10-07-at-18.29.04-212x300.jpeg\" class=\"attachment-medium\" alt=\"\" srcset=\"https:\/\/azfilmacademy.az\/wp-content\/uploads\/2025\/10\/WhatsApp-Image-2025-10-07-at-18.29.04-212x300.jpeg 212w, https:\/\/azfilmacademy.az\/wp-content\/uploads\/2025\/10\/WhatsApp-Image-2025-10-07-at-18.29.04-724x1024.jpeg 724w, https:\/\/azfilmacademy.az\/wp-content\/uploads\/2025\/10\/WhatsApp-Image-2025-10-07-at-18.29.04-768x1086.jpeg 768w, https:\/\/azfilmacademy.az\/wp-content\/uploads\/2025\/10\/WhatsApp-Image-2025-10-07-at-18.29.04-1086x1536.jpeg 1086w, https:\/\/azfilmacademy.az\/wp-content\/uploads\/2025\/10\/WhatsApp-Image-2025-10-07-at-18.29.04-8x12.jpeg 8w, https:\/\/azfilmacademy.az\/wp-content\/uploads\/2025\/10\/WhatsApp-Image-2025-10-07-at-18.29.04-370x523.jpeg 370w, https:\/\/azfilmacademy.az\/wp-content\/uploads\/2025\/10\/WhatsApp-Image-2025-10-07-at-18.29.04-760x1075.jpeg 760w, https:\/\/azfilmacademy.az\/wp-content\/uploads\/2025\/10\/WhatsApp-Image-2025-10-07-at-18.29.04.jpeg 1131w\" sizes=\"auto, (max-width: 212px) 100vw, 212px\" \/><\/a><div class=\"flex-caption\"><p>Az\u0259rbaycan Film Akademiyas\u0131 t\u0259l\u0259b\u0259l\u0259rinin diplom i\u015fi. Rejissor M\u0259l\u0259k Mustafa<\/p>\n<\/div><\/li><\/ul><\/div>\n\t\t<\/div>\n\t<\/div>\n<\/div><\/div><\/div><\/div><div class=\"vc_row wpb_row vc_row-fluid\"><div class=\"wpb_column vc_column_container vc_col-sm-12 sc_layouts_column_icons_position_left\"><div class=\"vc_column-inner\"><div class=\"wpb_wrapper\"><\/div><\/div><\/div><\/div><div class=\"vc_row wpb_row vc_row-fluid\"><div class=\"wpb_column vc_column_container vc_col-sm-12 sc_layouts_column_icons_position_left\"><div class=\"vc_column-inner\"><div class=\"wpb_wrapper\"><div id=\"widget_slider_953083802\" class=\"widget_area sc_widget_slider vc_widget_slider wpb_content_element\"><aside id=\"widget_slider_953083802_widget\" class=\"widget widget_slider\"><h5 class=\"widget_title\">AKTYORLUQ KURSLARI<\/h5>\t\t\t<div class=\"slider_wrap slider_engine_swiper\">\n\t\t\t\t<div id=\"widget_slider_953083802_outer\" class=\"slider_outer slider_swiper_outer slider_style_default slider_outer_direction_horizontal slider_outer_multi slider_outer_nopagination slider_outer_nocontrols slider_outer_titles_center\"><div id=\"widget_slider_953083802_swiper\" class=\"slider_container slider_swiper swiper-slider-container slider_nocontrols slider_titles_center slider_resize slider_height_auto slider_direction_horizontal slider_nopagination slider_multi slider_type_bg\" data-ratio=\"16:9\" data-interval=\"7000\" data-effect=\"slide\" data-pagination=\"bullets\" data-direction=\"horizontal\" data-slides-per-view=\"3\" data-slides-space=\"4\"><div class=\"slider-wrapper swiper-wrapper\"><div  class=\"slider-slide swiper-slide\" data-image=\"https:\/\/azfilmacademy.az\/wp-content\/uploads\/2022\/09\/aktyor-olmaq.jpg\" data-cats=\"&lt;a href=&quot;https:\/\/azfilmacademy.az\/az\/category\/xronika\/&quot; title=&quot;View all posts in XRON\u0130KA&quot;&gt;XRON\u0130KA&lt;\/a&gt;\" data-title=\"\u018fN EFFEKTL\u0130 AKTYORLUQ KURSU &#8211; K\u0130NO M\u018fKT\u018fB\u0130\" data-date=\"05.02.2026\" style=\"background-image:url(https:\/\/azfilmacademy.az\/wp-content\/uploads\/2022\/09\/aktyor-olmaq.jpg);\"><div class=\"slide_overlay slide_overlay_small\"><\/div><div class=\"slide_info slide_info_small\"><h3 class=\"slide_title\"><a href=\"https:\/\/azfilmacademy.az\/az\/aktyorluq-kursu-2\/\">\u018fN EFFEKTL\u0130 AKTYORLUQ KURSU &#8211; K\u0130NO M\u018fKT\u018fB\u0130<\/a><\/h3><div class=\"slide_cats\"><a href=\"https:\/\/azfilmacademy.az\/az\/category\/xronika\/\" title=\"View all posts in XRON\u0130KA\">XRON\u0130KA<\/a><\/div><\/div><\/div><div  class=\"slider-slide swiper-slide\" data-image=\"https:\/\/azfilmacademy.az\/wp-content\/uploads\/2025\/10\/WhatsApp-Image-2025-10-07-at-18.29.04.jpeg\" data-cats=\"&lt;a href=&quot;https:\/\/azfilmacademy.az\/az\/category\/poster\/&quot; title=&quot;View all posts in Poster&quot;&gt;Poster&lt;\/a&gt;\" data-title=\"G\u018fL GED\u018fK\" data-date=\"07.10.2025\" style=\"background-image:url(https:\/\/azfilmacademy.az\/wp-content\/uploads\/2025\/10\/WhatsApp-Image-2025-10-07-at-18.29.04.jpeg);\"><div class=\"slide_overlay slide_overlay_small\"><\/div><div class=\"slide_info slide_info_small\"><h3 class=\"slide_title\"><a href=\"https:\/\/azfilmacademy.az\/az\/g%c9%99l-ged%c9%99k\/\">G\u018fL GED\u018fK<\/a><\/h3><div class=\"slide_cats\"><a href=\"https:\/\/azfilmacademy.az\/az\/category\/poster\/\" title=\"View all posts in Poster\">Poster<\/a><\/div><\/div><\/div><div  class=\"slider-slide swiper-slide\" data-image=\"https:\/\/azfilmacademy.az\/wp-content\/uploads\/2025\/09\/onun-gozleri-gulurdu-poster-scaled.png\" data-cats=\"&lt;a href=&quot;https:\/\/azfilmacademy.az\/az\/category\/poster\/&quot; title=&quot;View all posts in Poster&quot;&gt;Poster, &lt;\/a&gt;&lt;a href=&quot;https:\/\/azfilmacademy.az\/az\/category\/milli-kino-akademiyasi\/&quot; title=&quot;View all posts in Zaur Tahirsoy filml\u0259ri&quot;&gt;Zaur Tahirsoy filml\u0259ri&lt;\/a&gt;\" data-title=\"ONUN G\u00d6ZL\u018fR\u0130 G\u00dcL\u00dcRD\u00dc\" data-date=\"14.09.2025\" style=\"background-image:url(https:\/\/azfilmacademy.az\/wp-content\/uploads\/2025\/09\/onun-gozleri-gulurdu-poster-scaled.png);\"><div class=\"slide_overlay slide_overlay_small\"><\/div><div class=\"slide_info slide_info_small\"><h3 class=\"slide_title\"><a href=\"https:\/\/azfilmacademy.az\/az\/onun-gozl%c9%99ri-gulurdu\/\">ONUN G\u00d6ZL\u018fR\u0130 G\u00dcL\u00dcRD\u00dc<\/a><\/h3><div class=\"slide_cats\"><a href=\"https:\/\/azfilmacademy.az\/az\/category\/poster\/\" title=\"View all posts in Poster\">Poster, <\/a><a href=\"https:\/\/azfilmacademy.az\/az\/category\/milli-kino-akademiyasi\/\" title=\"View all posts in Zaur Tahirsoy filml\u0259ri\">Zaur Tahirsoy filml\u0259ri<\/a><\/div><\/div><\/div><div  class=\"slider-slide swiper-slide\" data-image=\"https:\/\/azfilmacademy.az\/wp-content\/uploads\/2025\/09\/IMG_8746.jpg\" data-cats=\"&lt;a href=&quot;https:\/\/azfilmacademy.az\/az\/category\/xronika\/&quot; title=&quot;View all posts in XRON\u0130KA&quot;&gt;XRON\u0130KA, &lt;\/a&gt;&lt;a href=&quot;https:\/\/azfilmacademy.az\/az\/category\/recent\/&quot; title=&quot;View all posts in YEN\u0130 F\u0130LML\u018fR&quot;&gt;YEN\u0130 F\u0130LML\u018fR, &lt;\/a&gt;&lt;a href=&quot;https:\/\/azfilmacademy.az\/az\/category\/milli-kino-akademiyasi\/&quot; title=&quot;View all posts in Zaur Tahirsoy filml\u0259ri&quot;&gt;Zaur Tahirsoy filml\u0259ri&lt;\/a&gt;\" data-title=\"\u201cOnun G\u00f6zl\u0259ri G\u00fcl\u00fcrd\u00fc\u201d \u2013 Az\u0259rbaycan Film Akademiyas\u0131 t\u0259l\u0259b\u0259l\u0259rinin b\u00f6y\u00fck u\u011furu\" data-date=\"13.09.2025\" style=\"background-image:url(https:\/\/azfilmacademy.az\/wp-content\/uploads\/2025\/09\/IMG_8746.jpg);\"><div class=\"slide_overlay slide_overlay_small\"><\/div><div class=\"slide_info slide_info_small\"><h3 class=\"slide_title\"><a href=\"https:\/\/azfilmacademy.az\/az\/onun-gozleri-gulurdu\/\">\u201cOnun G\u00f6zl\u0259ri G\u00fcl\u00fcrd\u00fc\u201d \u2013 Az\u0259rbaycan Film Akademiyas\u0131 t\u0259l\u0259b\u0259l\u0259rinin b\u00f6y\u00fck u\u011furu<\/a><\/h3><div class=\"slide_cats\"><a href=\"https:\/\/azfilmacademy.az\/az\/category\/xronika\/\" title=\"View all posts in XRON\u0130KA\">XRON\u0130KA, <\/a><a href=\"https:\/\/azfilmacademy.az\/az\/category\/recent\/\" title=\"View all posts in YEN\u0130 F\u0130LML\u018fR\">YEN\u0130 F\u0130LML\u018fR, <\/a><a href=\"https:\/\/azfilmacademy.az\/az\/category\/milli-kino-akademiyasi\/\" title=\"View all posts in Zaur Tahirsoy filml\u0259ri\">Zaur Tahirsoy filml\u0259ri<\/a><\/div><\/div><\/div><div  class=\"slider-slide swiper-slide\" data-image=\"https:\/\/azfilmacademy.az\/wp-content\/uploads\/2025\/04\/IMG_3319.jpeg\" data-cats=\"&lt;a href=&quot;https:\/\/azfilmacademy.az\/az\/category\/xronika\/&quot; title=&quot;View all posts in XRON\u0130KA&quot;&gt;XRON\u0130KA, &lt;\/a&gt;&lt;a href=&quot;https:\/\/azfilmacademy.az\/az\/category\/milli-kino-akademiyasi\/&quot; title=&quot;View all posts in Zaur Tahirsoy filml\u0259ri&quot;&gt;Zaur Tahirsoy filml\u0259ri&lt;\/a&gt;\" data-title=\"NETFLIX DRAMATURGIYASI &#8211; AZ\u018fRBAYCANDAN D\u00dcNYAYA\" data-date=\"15.04.2025\" style=\"background-image:url(https:\/\/azfilmacademy.az\/wp-content\/uploads\/2025\/04\/IMG_3319.jpeg);\"><div class=\"slide_overlay slide_overlay_small\"><\/div><div class=\"slide_info slide_info_small\"><h3 class=\"slide_title\"><a href=\"https:\/\/azfilmacademy.az\/az\/netflix-dramaturgiyasi\/\">NETFLIX DRAMATURGIYASI &#8211; AZ\u018fRBAYCANDAN D\u00dcNYAYA<\/a><\/h3><div class=\"slide_cats\"><a href=\"https:\/\/azfilmacademy.az\/az\/category\/xronika\/\" title=\"View all posts in XRON\u0130KA\">XRON\u0130KA, <\/a><a href=\"https:\/\/azfilmacademy.az\/az\/category\/milli-kino-akademiyasi\/\" title=\"View all posts in Zaur Tahirsoy filml\u0259ri\">Zaur Tahirsoy filml\u0259ri<\/a><\/div><\/div><\/div><\/div><!-- \/.slider-wrapper --><\/div><!-- \/.slider_container --><\/div><!-- \/.slider_outer -->\t\t\t<\/div>\n\t\t\t<\/aside><\/div><\/div><\/div><\/div><\/div><div class=\"vc_row wpb_row vc_row-fluid\"><div class=\"wpb_column vc_column_container vc_col-sm-12 sc_layouts_column_icons_position_left\"><div class=\"vc_column-inner\"><div class=\"wpb_wrapper\"><a id=\"sc_anchor_sc_anchor_977169475\"\n\t\ttitle=\"\" \n\t\t class=\"sc_anchor sc_anchor_default\" data-vc-icon=\"\" data-url=\"\"><\/a><\/div><\/div><\/div><\/div><div class=\"vc_row wpb_row vc_row-fluid\"><div class=\"wpb_column vc_column_container vc_col-sm-12 sc_layouts_column_icons_position_left\"><div class=\"vc_column-inner\"><div class=\"wpb_wrapper\"><\/div><\/div><\/div><\/div><div class=\"vc_row wpb_row vc_row-fluid\"><div class=\"wpb_column vc_column_container vc_col-sm-12 sc_layouts_column_icons_position_left\"><div class=\"vc_column-inner\"><div class=\"wpb_wrapper\">\n\t<div class=\"wpb_text_column wpb_content_element\" >\n\t\t<div class=\"wpb_wrapper\">\n\t\t\t<div id=\"sc_title_984110852\" class=\"sc_title color_style_default sc_title_default sc_align_left\">\n<h2 class=\"sc_item_title sc_title_title sc_align_left sc_item_title_style_default\">M\u0130SS\u0130YAMIZ<\/h2>\n<\/div>\n<div class=\"wpb_text_column wpb_content_element\">\n<div class=\"wpb_wrapper\">\n<p>Az\u0259rbaycan Film Akademiyas\u0131, Az\u0259rbaycan film sah\u0259sinin inki\u015faf\u0131 \u00fc\u00e7\u00fcn yarad\u0131lm\u0131\u015f M\u0259hdud M\u0259suliyy\u0259tli C\u0259miyy\u0259tdir. Film istehsal\u0131 v\u0259 kadrlar\u0131n yeti\u015fm\u0259si \u00fc\u00e7\u00fcn kinomatqrafiyan\u0131n b\u00fct\u00fcn sah\u0259l\u0259ri \u00fczr\u0259 t\u0259drisini h\u0259yata ke\u00e7irir. Q\u0131sa zamanda \u00f6n\u0259mli inki\u015faf art\u0131m\u0131n\u0131 h\u0259d\u0259fl\u0259mi\u015fik.<br \/>\nQurum t\u0259hsil alan t\u0259l\u0259b\u0259l\u0259ri sertifikatla t\u0259min edir v\u0259 onlar\u0131n q\u0131sa v\u0259 tammetrajl\u0131 filml\u0259rd\u0259 rol almas\u0131n\u0131 t\u0259\u015fkil edir.<\/p>\n<\/div>\n<\/div>\n\n\t\t<\/div>\n\t<\/div>\n<\/div><\/div><\/div><\/div>","protected":false},"excerpt":{"rendered":"\u201cNetflix Dramaturgiyas\u0131\u201d \u2013 D\u00fcnyada \u0130lk D\u0259f\u0259 Netflix Format\u0131na Uy\u011fun Yaz\u0131lm\u0131\u015f Dramaturgiya Kitab\u0131 Yay\u0131mland\u0131 Baku, Azerbaijan&hellip;","protected":false},"author":1,"featured_media":0,"parent":0,"menu_order":0,"comment_status":"closed","ping_status":"closed","template":"","meta":{"footnotes":""},"class_list":["post-1703","page","type-page","status-publish","hentry"],"yoast_head":"<!-- This site is optimized with the Yoast SEO plugin v24.9 - https:\/\/yoast.com\/wordpress\/plugins\/seo\/ -->\n<title>AKTYORLUQ M\u018fKT\u018fB\u0130 - Az\u0259rbaycan Film Akademiyas\u0131<\/title>\n<meta name=\"description\" content=\"Azerbaycan Film Akademiyasi aktyorluq mektebi aktyorluq kurslari en mukemmel film mektebi milli kino akademiyasi milli kino merkezi Az\" \/>\n<meta name=\"robots\" content=\"index, follow, max-snippet:-1, max-image-preview:large, max-video-preview:-1\" \/>\n<link rel=\"canonical\" href=\"https:\/\/azfilmacademy.az\/az\/aktyorluq-mektebi\/\" \/>\n<meta property=\"og:locale\" content=\"az_AZ\" \/>\n<meta property=\"og:type\" content=\"article\" \/>\n<meta property=\"og:title\" content=\"AKTYORLUQ M\u018fKT\u018fB\u0130 - Az\u0259rbaycan Film Akademiyas\u0131\" \/>\n<meta property=\"og:description\" content=\"Azerbaycan Film Akademiyasi aktyorluq mektebi aktyorluq kurslari en mukemmel film mektebi milli kino akademiyasi milli kino merkezi Az\" \/>\n<meta property=\"og:url\" content=\"https:\/\/azfilmacademy.az\/az\/aktyorluq-mektebi\/\" \/>\n<meta property=\"og:site_name\" content=\"Az\u0259rbaycan Film Akademiyas\u0131\" \/>\n<meta property=\"article:publisher\" content=\"https:\/\/www.facebook.com\/azfilmacademy\" \/>\n<meta property=\"article:modified_time\" content=\"2019-02-08T20:14:00+00:00\" \/>\n<meta name=\"twitter:card\" content=\"summary_large_image\" \/>\n<meta name=\"twitter:site\" content=\"@akademiyasi\" \/>\n<meta name=\"twitter:label1\" content=\"Est. reading time\" \/>\n\t<meta name=\"twitter:data1\" content=\"2 minutes\" \/>\n<script type=\"application\/ld+json\" class=\"yoast-schema-graph\">{\"@context\":\"https:\/\/schema.org\",\"@graph\":[{\"@type\":\"WebPage\",\"@id\":\"https:\/\/azfilmacademy.az\/az\/aktyorluq-mektebi\/\",\"url\":\"https:\/\/azfilmacademy.az\/az\/aktyorluq-mektebi\/\",\"name\":\"AKTYORLUQ M\u018fKT\u018fB\u0130 - Az\u0259rbaycan Film Akademiyas\u0131\",\"isPartOf\":{\"@id\":\"http:\/\/azfilmacademy.az\/az\/#website\"},\"datePublished\":\"2019-02-08T12:42:25+00:00\",\"dateModified\":\"2019-02-08T20:14:00+00:00\",\"description\":\"Azerbaycan Film Akademiyasi aktyorluq mektebi aktyorluq kurslari en mukemmel film mektebi milli kino akademiyasi milli kino merkezi Az\",\"breadcrumb\":{\"@id\":\"https:\/\/azfilmacademy.az\/az\/aktyorluq-mektebi\/#breadcrumb\"},\"inLanguage\":\"az\",\"potentialAction\":[{\"@type\":\"ReadAction\",\"target\":[\"https:\/\/azfilmacademy.az\/az\/aktyorluq-mektebi\/\"]}]},{\"@type\":\"BreadcrumbList\",\"@id\":\"https:\/\/azfilmacademy.az\/az\/aktyorluq-mektebi\/#breadcrumb\",\"itemListElement\":[{\"@type\":\"ListItem\",\"position\":1,\"name\":\"Home\",\"item\":\"http:\/\/azfilmacademy.az\/az\/\"},{\"@type\":\"ListItem\",\"position\":2,\"name\":\"AKTYORLUQ M\u018fKT\u018fB\u0130\"}]},{\"@type\":\"WebSite\",\"@id\":\"http:\/\/azfilmacademy.az\/az\/#website\",\"url\":\"http:\/\/azfilmacademy.az\/az\/\",\"name\":\"Az\u0259rbaycan Film Akademiyas\u0131\",\"description\":\"M\u00fcasir Kino M\u0259rk\u0259zi\",\"publisher\":{\"@id\":\"http:\/\/azfilmacademy.az\/az\/#organization\"},\"potentialAction\":[{\"@type\":\"SearchAction\",\"target\":{\"@type\":\"EntryPoint\",\"urlTemplate\":\"http:\/\/azfilmacademy.az\/az\/?s={search_term_string}\"},\"query-input\":{\"@type\":\"PropertyValueSpecification\",\"valueRequired\":true,\"valueName\":\"search_term_string\"}}],\"inLanguage\":\"az\"},{\"@type\":\"Organization\",\"@id\":\"http:\/\/azfilmacademy.az\/az\/#organization\",\"name\":\"Az\u0259rbaycan Film Akademiyas\u0131\",\"url\":\"http:\/\/azfilmacademy.az\/az\/\",\"logo\":{\"@type\":\"ImageObject\",\"inLanguage\":\"az\",\"@id\":\"http:\/\/azfilmacademy.az\/az\/#\/schema\/logo\/image\/\",\"url\":\"http:\/\/azfilmacademy.az\/wp-content\/uploads\/2019\/01\/milli-kino.png\",\"contentUrl\":\"http:\/\/azfilmacademy.az\/wp-content\/uploads\/2019\/01\/milli-kino.png\",\"width\":90,\"height\":58,\"caption\":\"Az\u0259rbaycan Film Akademiyas\u0131\"},\"image\":{\"@id\":\"http:\/\/azfilmacademy.az\/az\/#\/schema\/logo\/image\/\"},\"sameAs\":[\"https:\/\/www.facebook.com\/azfilmacademy\",\"https:\/\/x.com\/akademiyasi\",\"https:\/\/www.instagram.com\/azfilmacademy.az\/\",\"https:\/\/www.youtube.com\/channel\/UCVIQpxI0jiWS77v2ClLrtwg?view_as=subscriber\"]}]}<\/script>\n<!-- \/ Yoast SEO plugin. -->","yoast_head_json":{"title":"AKTYORLUQ M\u018fKT\u018fB\u0130 - Az\u0259rbaycan Film Akademiyas\u0131","description":"Azerbaycan Film Akademiyasi aktyorluq mektebi aktyorluq kurslari en mukemmel film mektebi milli kino akademiyasi milli kino merkezi Az","robots":{"index":"index","follow":"follow","max-snippet":"max-snippet:-1","max-image-preview":"max-image-preview:large","max-video-preview":"max-video-preview:-1"},"canonical":"https:\/\/azfilmacademy.az\/az\/aktyorluq-mektebi\/","og_locale":"az_AZ","og_type":"article","og_title":"AKTYORLUQ M\u018fKT\u018fB\u0130 - Az\u0259rbaycan Film Akademiyas\u0131","og_description":"Azerbaycan Film Akademiyasi aktyorluq mektebi aktyorluq kurslari en mukemmel film mektebi milli kino akademiyasi milli kino merkezi Az","og_url":"https:\/\/azfilmacademy.az\/az\/aktyorluq-mektebi\/","og_site_name":"Az\u0259rbaycan Film Akademiyas\u0131","article_publisher":"https:\/\/www.facebook.com\/azfilmacademy","article_modified_time":"2019-02-08T20:14:00+00:00","twitter_card":"summary_large_image","twitter_site":"@akademiyasi","twitter_misc":{"Est. reading time":"2 minutes"},"schema":{"@context":"https:\/\/schema.org","@graph":[{"@type":"WebPage","@id":"https:\/\/azfilmacademy.az\/az\/aktyorluq-mektebi\/","url":"https:\/\/azfilmacademy.az\/az\/aktyorluq-mektebi\/","name":"AKTYORLUQ M\u018fKT\u018fB\u0130 - Az\u0259rbaycan Film Akademiyas\u0131","isPartOf":{"@id":"http:\/\/azfilmacademy.az\/az\/#website"},"datePublished":"2019-02-08T12:42:25+00:00","dateModified":"2019-02-08T20:14:00+00:00","description":"Azerbaycan Film Akademiyasi aktyorluq mektebi aktyorluq kurslari en mukemmel film mektebi milli kino akademiyasi milli kino merkezi Az","breadcrumb":{"@id":"https:\/\/azfilmacademy.az\/az\/aktyorluq-mektebi\/#breadcrumb"},"inLanguage":"az","potentialAction":[{"@type":"ReadAction","target":["https:\/\/azfilmacademy.az\/az\/aktyorluq-mektebi\/"]}]},{"@type":"BreadcrumbList","@id":"https:\/\/azfilmacademy.az\/az\/aktyorluq-mektebi\/#breadcrumb","itemListElement":[{"@type":"ListItem","position":1,"name":"Home","item":"http:\/\/azfilmacademy.az\/az\/"},{"@type":"ListItem","position":2,"name":"AKTYORLUQ M\u018fKT\u018fB\u0130"}]},{"@type":"WebSite","@id":"http:\/\/azfilmacademy.az\/az\/#website","url":"http:\/\/azfilmacademy.az\/az\/","name":"Az\u0259rbaycan Film Akademiyas\u0131","description":"M\u00fcasir Kino M\u0259rk\u0259zi","publisher":{"@id":"http:\/\/azfilmacademy.az\/az\/#organization"},"potentialAction":[{"@type":"SearchAction","target":{"@type":"EntryPoint","urlTemplate":"http:\/\/azfilmacademy.az\/az\/?s={search_term_string}"},"query-input":{"@type":"PropertyValueSpecification","valueRequired":true,"valueName":"search_term_string"}}],"inLanguage":"az"},{"@type":"Organization","@id":"http:\/\/azfilmacademy.az\/az\/#organization","name":"Az\u0259rbaycan Film Akademiyas\u0131","url":"http:\/\/azfilmacademy.az\/az\/","logo":{"@type":"ImageObject","inLanguage":"az","@id":"http:\/\/azfilmacademy.az\/az\/#\/schema\/logo\/image\/","url":"http:\/\/azfilmacademy.az\/wp-content\/uploads\/2019\/01\/milli-kino.png","contentUrl":"http:\/\/azfilmacademy.az\/wp-content\/uploads\/2019\/01\/milli-kino.png","width":90,"height":58,"caption":"Az\u0259rbaycan Film Akademiyas\u0131"},"image":{"@id":"http:\/\/azfilmacademy.az\/az\/#\/schema\/logo\/image\/"},"sameAs":["https:\/\/www.facebook.com\/azfilmacademy","https:\/\/x.com\/akademiyasi","https:\/\/www.instagram.com\/azfilmacademy.az\/","https:\/\/www.youtube.com\/channel\/UCVIQpxI0jiWS77v2ClLrtwg?view_as=subscriber"]}]}},"_links":{"self":[{"href":"https:\/\/azfilmacademy.az\/az\/wp-json\/wp\/v2\/pages\/1703","targetHints":{"allow":["GET"]}}],"collection":[{"href":"https:\/\/azfilmacademy.az\/az\/wp-json\/wp\/v2\/pages"}],"about":[{"href":"https:\/\/azfilmacademy.az\/az\/wp-json\/wp\/v2\/types\/page"}],"author":[{"embeddable":true,"href":"https:\/\/azfilmacademy.az\/az\/wp-json\/wp\/v2\/users\/1"}],"replies":[{"embeddable":true,"href":"https:\/\/azfilmacademy.az\/az\/wp-json\/wp\/v2\/comments?post=1703"}],"version-history":[{"count":8,"href":"https:\/\/azfilmacademy.az\/az\/wp-json\/wp\/v2\/pages\/1703\/revisions"}],"predecessor-version":[{"id":2965,"href":"https:\/\/azfilmacademy.az\/az\/wp-json\/wp\/v2\/pages\/1703\/revisions\/2965"}],"wp:attachment":[{"href":"https:\/\/azfilmacademy.az\/az\/wp-json\/wp\/v2\/media?parent=1703"}],"curies":[{"name":"wp","href":"https:\/\/api.w.org\/{rel}","templated":true}]}}