{"id":1702,"date":"2019-02-08T15:42:25","date_gmt":"2019-02-08T12:42:25","guid":{"rendered":"http:\/\/azfilmacademy.az\/?page_id=1702"},"modified":"2019-02-08T17:06:47","modified_gmt":"2019-02-08T14:06:47","slug":"rejissorluq-mektebi","status":"publish","type":"page","link":"https:\/\/azfilmacademy.az\/az\/rejissorluq-mektebi\/","title":{"rendered":"REJ\u0130SSORLUQ M\u018fKT\u018fB\u0130"},"content":{"rendered":"<div class=\"vc_row wpb_row vc_row-fluid\"><div class=\"wpb_column vc_column_container vc_col-sm-12 sc_layouts_column_icons_position_left\"><div class=\"vc_column-inner\"><div class=\"wpb_wrapper\"><div  class=\"wpb_widgetised_column wpb_content_element\">\n\t\t<div class=\"wpb_wrapper\">\n\t\t\t<h2 class=\"wpb_heading wpb_widgetised_column_heading\">REJ\u0130SSORLUQ KURSU<\/h2>\n\t\t\t\n\t\t<\/div>\n\t<\/div>\n<\/div><\/div><\/div><\/div><div class=\"vc_row wpb_row vc_row-fluid\"><div class=\"wpb_column vc_column_container vc_col-sm-12 sc_layouts_column_icons_position_left\"><div class=\"vc_column-inner\"><div class=\"wpb_wrapper\"><!-- vc_grid start -->\n<div class=\"vc_grid-container-wrapper vc_clearfix\" >\n\t<div class=\"vc_grid-container vc_clearfix wpb_content_element vc_media_grid\" data-initial-loading-animation=\"pulse\" data-vc-grid-settings=\"{&quot;page_id&quot;:1702,&quot;style&quot;:&quot;all&quot;,&quot;action&quot;:&quot;vc_get_vc_grid_data&quot;,&quot;shortcode_id&quot;:&quot;{\\&quot;failed_to_get_id\\&quot;:\\&quot;vc_gid:1549631547792-98abbab0-ec73-4\\&quot;}&quot;,&quot;tag&quot;:&quot;vc_media_grid&quot;}\" data-vc-request=\"https:\/\/azfilmacademy.az\/wp-admin\/admin-ajax.php\" data-vc-post-id=\"1702\" data-vc-public-nonce=\"3e25227b89\">\n\t<\/div>\n<\/div><!-- vc_grid end -->\n<\/div><\/div><\/div><\/div><div class=\"vc_row wpb_row vc_row-fluid\"><div class=\"wpb_column vc_column_container vc_col-sm-12 sc_layouts_column_icons_position_left\"><div class=\"vc_column-inner\"><div class=\"wpb_wrapper\"><\/div><\/div><\/div><\/div><div class=\"vc_row wpb_row vc_row-fluid\"><div class=\"wpb_column vc_column_container vc_col-sm-12 sc_layouts_column_icons_position_left\"><div class=\"vc_column-inner\"><div class=\"wpb_wrapper\">\n\t<div class=\"wpb_text_column wpb_content_element\" >\n\t\t<div class=\"wpb_wrapper\">\n\t\t\t<p><span style=\"font-size: 12pt;\">Az\u0259rbaycan Film Akademiyas\u0131, Rejissorluq M\u0259kt\u0259bind\u0259 m\u00fcasir kinorejissorluq metodlar\u0131 t\u0259dris edilir. Effekti rejissor olma\u011f\u0131n ic\u0259likl\u0259ri v\u0259 bax\u0131ml\u0131 film \u00e7\u0259km\u0259k \u00fc\u00e7\u00fcn rejissor n\u0259y\u0259 diqq\u0259t etm\u0259lidir v\u0259 buna ox\u015far b\u00fct\u00fcn suallar\u0131n cavab\u0131 \u00fc\u00e7\u00fcn Az\u0259rbaycan film akademiyas\u0131n\u0131n rejissorluq kurslar\u0131na qat\u0131la bil\u0259rsiniz.<\/span><\/p>\n\n\t\t<\/div>\n\t<\/div>\n<\/div><\/div><\/div><\/div><div class=\"vc_row wpb_row vc_row-fluid\"><div class=\"wpb_column vc_column_container vc_col-sm-12 sc_layouts_column_icons_position_left\"><div class=\"vc_column-inner\"><div class=\"wpb_wrapper\"><div class=\"vc_btn3-container vc_btn3-inline\" >\n\t<a class=\"vc_general vc_btn3 vc_btn3-size-md vc_btn3-shape-rounded vc_btn3-style-modern vc_btn3-color-grey\" href=\"https:\/\/docs.google.com\/forms\/d\/e\/1FAIpQLSerXjAC5q34mhuTt2j6GE65CPE19CNiARrRlJJGybiv7MwqvQ\/viewform\" title=\"\" target=\"_blank\">QEYD\u0130YYAT<\/a><\/div>\n<\/div><\/div><\/div><\/div><div class=\"vc_row wpb_row vc_row-fluid\"><div class=\"wpb_column vc_column_container vc_col-sm-12 sc_layouts_column_icons_position_left\"><div class=\"vc_column-inner\"><div class=\"wpb_wrapper\"><div id=\"widget_video_501736833\" class=\"widget_area sc_widget_video vc_widget_video wpb_content_element\"><aside id=\"widget_video_501736833_widget\" class=\"widget widget_video\"><div id=\"sc_video_1634369625\" class=\"trx_addons_video_player without_cover\"><div class=\"video_embed video_frame\"><iframe loading=\"lazy\" width=\"1170\" height=\"658\" src=\"https:\/\/www.youtube.com\/embed\/HC07hqVKUzo?feature=oembed\" frameborder=\"0\" allow=\"accelerometer; autoplay; encrypted-media; gyroscope; picture-in-picture\" allowfullscreen><\/iframe><\/div><\/div><\/aside><\/div><\/div><\/div><\/div><\/div><div class=\"vc_row wpb_row vc_row-fluid\"><div class=\"wpb_column vc_column_container vc_col-sm-12 sc_layouts_column_icons_position_left\"><div class=\"vc_column-inner\"><div class=\"wpb_wrapper\"><div id=\"widget_slider_1860157807\" class=\"widget_area sc_widget_slider vc_widget_slider wpb_content_element\"><aside id=\"widget_slider_1860157807_widget\" class=\"widget widget_slider\"><h5 class=\"widget_title\">FOTO<\/h5>\t\t\t<div class=\"slider_wrap slider_engine_swiper\">\n\t\t\t\t<div id=\"widget_slider_1860157807_outer\" class=\"slider_outer slider_swiper_outer slider_style_default slider_outer_direction_horizontal slider_outer_multi slider_outer_nopagination slider_outer_nocontrols slider_outer_titles_center\"><div id=\"widget_slider_1860157807_swiper\" class=\"slider_container slider_swiper swiper-slider-container slider_nocontrols slider_titles_center slider_resize slider_height_auto slider_direction_horizontal slider_nopagination slider_multi slider_type_bg\" data-ratio=\"16:9\" data-interval=\"7000\" data-effect=\"slide\" data-pagination=\"bullets\" data-direction=\"horizontal\" data-slides-per-view=\"3\" data-slides-space=\"2\"><div class=\"slider-wrapper swiper-wrapper\"><div  class=\"slider-slide swiper-slide\" data-image=\"https:\/\/azfilmacademy.az\/wp-content\/uploads\/2022\/07\/film-akademiyasi.jpeg\" data-cats=\"&lt;a href=&quot;https:\/\/azfilmacademy.az\/az\/category\/uncategorized\/&quot; title=&quot;View all posts in Uncategorized&quot;&gt;Uncategorized&lt;\/a&gt;\" data-title=\"Az\u0259rbaycan Film Akademiyas\u0131 Aktyorluq Kursu \u2013 Kino v\u0259 Serial S\u0259nayesin\u0259 Aparan Pe\u015f\u0259kar Yol\" data-date=\"04.05.2026\" style=\"background-image:url(https:\/\/azfilmacademy.az\/wp-content\/uploads\/2022\/07\/film-akademiyasi.jpeg);\"><div class=\"slide_overlay slide_overlay_small\"><\/div><div class=\"slide_info slide_info_small\"><h3 class=\"slide_title\"><a href=\"https:\/\/azfilmacademy.az\/az\/aktyorluq-kursu-3\/\">Az\u0259rbaycan Film Akademiyas\u0131 Aktyorluq Kursu \u2013 Kino v\u0259 Serial S\u0259nayesin\u0259 Aparan Pe\u015f\u0259kar Yol<\/a><\/h3><div class=\"slide_cats\"><a href=\"https:\/\/azfilmacademy.az\/az\/category\/uncategorized\/\" title=\"View all posts in Uncategorized\">Uncategorized<\/a><\/div><\/div><\/div><div  class=\"slider-slide swiper-slide\" data-image=\"https:\/\/azfilmacademy.az\/wp-content\/uploads\/2026\/05\/IMG_4294.jpeg\" data-cats=\"&lt;a href=&quot;https:\/\/azfilmacademy.az\/az\/category\/poster\/&quot; title=&quot;View all posts in Poster&quot;&gt;Poster, &lt;\/a&gt;&lt;a href=&quot;https:\/\/azfilmacademy.az\/az\/category\/xronika\/&quot; title=&quot;View all posts in XRON\u0130KA&quot;&gt;XRON\u0130KA, &lt;\/a&gt;&lt;a href=&quot;https:\/\/azfilmacademy.az\/az\/category\/yeni\/&quot; title=&quot;View all posts in Yeni&quot;&gt;Yeni, &lt;\/a&gt;&lt;a href=&quot;https:\/\/azfilmacademy.az\/az\/category\/milli-kino-merkezi\/&quot; title=&quot;View all posts in Yeni filmler&quot;&gt;Yeni filmler, &lt;\/a&gt;&lt;a href=&quot;https:\/\/azfilmacademy.az\/az\/category\/recent\/&quot; title=&quot;View all posts in YEN\u0130 F\u0130LML\u018fR&quot;&gt;YEN\u0130 F\u0130LML\u018fR, &lt;\/a&gt;&lt;a href=&quot;https:\/\/azfilmacademy.az\/az\/category\/milli-kino-akademiyasi\/&quot; title=&quot;View all posts in Zaur Tahirsoy filml\u0259ri&quot;&gt;Zaur Tahirsoy filml\u0259ri&lt;\/a&gt;\" data-title=\"DOM\u0130NO DA\u015eLARI &#8211; YEN\u0130 M\u018fKT\u018fBL\u0130 SER\u0130ALI\" data-date=\"04.05.2026\" style=\"background-image:url(https:\/\/azfilmacademy.az\/wp-content\/uploads\/2026\/05\/IMG_4294.jpeg);\"><div class=\"slide_overlay slide_overlay_small\"><\/div><div class=\"slide_info slide_info_small\"><h3 class=\"slide_title\"><a href=\"https:\/\/azfilmacademy.az\/az\/domino-daslari-seriali\/\">DOM\u0130NO DA\u015eLARI &#8211; YEN\u0130 M\u018fKT\u018fBL\u0130 SER\u0130ALI<\/a><\/h3><div class=\"slide_cats\"><a href=\"https:\/\/azfilmacademy.az\/az\/category\/poster\/\" title=\"View all posts in Poster\">Poster, <\/a><a href=\"https:\/\/azfilmacademy.az\/az\/category\/xronika\/\" title=\"View all posts in XRON\u0130KA\">XRON\u0130KA, <\/a><a href=\"https:\/\/azfilmacademy.az\/az\/category\/yeni\/\" title=\"View all posts in Yeni\">Yeni, <\/a><a href=\"https:\/\/azfilmacademy.az\/az\/category\/milli-kino-merkezi\/\" title=\"View all posts in Yeni filmler\">Yeni filmler, <\/a><a href=\"https:\/\/azfilmacademy.az\/az\/category\/recent\/\" title=\"View all posts in YEN\u0130 F\u0130LML\u018fR\">YEN\u0130 F\u0130LML\u018fR, <\/a><a href=\"https:\/\/azfilmacademy.az\/az\/category\/milli-kino-akademiyasi\/\" title=\"View all posts in Zaur Tahirsoy filml\u0259ri\">Zaur Tahirsoy filml\u0259ri<\/a><\/div><\/div><\/div><div  class=\"slider-slide swiper-slide\" data-image=\"https:\/\/azfilmacademy.az\/wp-content\/uploads\/2022\/09\/aktyor-olmaq.jpg\" data-cats=\"&lt;a href=&quot;https:\/\/azfilmacademy.az\/az\/category\/xronika\/&quot; title=&quot;View all posts in XRON\u0130KA&quot;&gt;XRON\u0130KA&lt;\/a&gt;\" data-title=\"\u018fN EFFEKTL\u0130 AKTYORLUQ KURSU &#8211; K\u0130NO M\u018fKT\u018fB\u0130\" data-date=\"05.02.2026\" style=\"background-image:url(https:\/\/azfilmacademy.az\/wp-content\/uploads\/2022\/09\/aktyor-olmaq.jpg);\"><div class=\"slide_overlay slide_overlay_small\"><\/div><div class=\"slide_info slide_info_small\"><h3 class=\"slide_title\"><a href=\"https:\/\/azfilmacademy.az\/az\/aktyorluq-kursu-2\/\">\u018fN EFFEKTL\u0130 AKTYORLUQ KURSU &#8211; K\u0130NO M\u018fKT\u018fB\u0130<\/a><\/h3><div class=\"slide_cats\"><a href=\"https:\/\/azfilmacademy.az\/az\/category\/xronika\/\" title=\"View all posts in XRON\u0130KA\">XRON\u0130KA<\/a><\/div><\/div><\/div><div  class=\"slider-slide swiper-slide\" data-image=\"https:\/\/azfilmacademy.az\/wp-content\/uploads\/2025\/10\/WhatsApp-Image-2025-10-07-at-18.29.04.jpeg\" data-cats=\"&lt;a href=&quot;https:\/\/azfilmacademy.az\/az\/category\/poster\/&quot; title=&quot;View all posts in Poster&quot;&gt;Poster&lt;\/a&gt;\" data-title=\"G\u018fL GED\u018fK\" data-date=\"07.10.2025\" style=\"background-image:url(https:\/\/azfilmacademy.az\/wp-content\/uploads\/2025\/10\/WhatsApp-Image-2025-10-07-at-18.29.04.jpeg);\"><div class=\"slide_overlay slide_overlay_small\"><\/div><div class=\"slide_info slide_info_small\"><h3 class=\"slide_title\"><a href=\"https:\/\/azfilmacademy.az\/az\/g%c9%99l-ged%c9%99k\/\">G\u018fL GED\u018fK<\/a><\/h3><div class=\"slide_cats\"><a href=\"https:\/\/azfilmacademy.az\/az\/category\/poster\/\" title=\"View all posts in Poster\">Poster<\/a><\/div><\/div><\/div><div  class=\"slider-slide swiper-slide\" data-image=\"https:\/\/azfilmacademy.az\/wp-content\/uploads\/2025\/09\/onun-gozleri-gulurdu-poster-scaled.png\" data-cats=\"&lt;a href=&quot;https:\/\/azfilmacademy.az\/az\/category\/poster\/&quot; title=&quot;View all posts in Poster&quot;&gt;Poster, &lt;\/a&gt;&lt;a href=&quot;https:\/\/azfilmacademy.az\/az\/category\/milli-kino-akademiyasi\/&quot; title=&quot;View all posts in Zaur Tahirsoy filml\u0259ri&quot;&gt;Zaur Tahirsoy filml\u0259ri&lt;\/a&gt;\" data-title=\"ONUN G\u00d6ZL\u018fR\u0130 G\u00dcL\u00dcRD\u00dc\" data-date=\"14.09.2025\" style=\"background-image:url(https:\/\/azfilmacademy.az\/wp-content\/uploads\/2025\/09\/onun-gozleri-gulurdu-poster-scaled.png);\"><div class=\"slide_overlay slide_overlay_small\"><\/div><div class=\"slide_info slide_info_small\"><h3 class=\"slide_title\"><a href=\"https:\/\/azfilmacademy.az\/az\/onun-gozl%c9%99ri-gulurdu\/\">ONUN G\u00d6ZL\u018fR\u0130 G\u00dcL\u00dcRD\u00dc<\/a><\/h3><div class=\"slide_cats\"><a href=\"https:\/\/azfilmacademy.az\/az\/category\/poster\/\" title=\"View all posts in Poster\">Poster, <\/a><a href=\"https:\/\/azfilmacademy.az\/az\/category\/milli-kino-akademiyasi\/\" title=\"View all posts in Zaur Tahirsoy filml\u0259ri\">Zaur Tahirsoy filml\u0259ri<\/a><\/div><\/div><\/div><\/div><!-- \/.slider-wrapper --><\/div><!-- \/.slider_container --><\/div><!-- \/.slider_outer -->\t\t\t<\/div>\n\t\t\t<\/aside><\/div><\/div><\/div><\/div><\/div>","protected":false},"excerpt":{"rendered":"Az\u0259rbaycan Film Akademiyas\u0131n\u0131n istehsal\u0131 olan \u201cOnun G\u00f6zl\u0259ri G\u00fcl\u00fcrd\u00fc\u201d romantik-dram janr\u0131nda \u00e7\u0259kilmi\u015f yeni seriald\u0131r. Layih\u0259 h\u0259m&hellip;","protected":false},"author":1,"featured_media":0,"parent":0,"menu_order":0,"comment_status":"closed","ping_status":"closed","template":"","meta":{"footnotes":""},"class_list":["post-1702","page","type-page","status-publish","hentry"],"yoast_head":"<!-- This site is optimized with the Yoast SEO plugin v24.9 - https:\/\/yoast.com\/wordpress\/plugins\/seo\/ -->\n<title>REJ\u0130SSORLUQ M\u018fKT\u018fB\u0130 - Az\u0259rbaycan Film Akademiyas\u0131<\/title>\n<meta name=\"description\" content=\"Az\u0259rbaycan Film Akademiyas\u0131,Rejissorluq M\u0259kt\u0259bind\u0259 kinorejissorluq metodlar\u0131 t\u0259dris edilir. Effekti rejissor olma\u011f\u0131n inc\u0259li\u0131kli \u00fc\u00e7\u00fcn rejissorluq kursu\" \/>\n<meta name=\"robots\" content=\"index, follow, max-snippet:-1, max-image-preview:large, max-video-preview:-1\" \/>\n<link rel=\"canonical\" href=\"http:\/\/azfilmacademy.az\/az\/rejissorluq-mektebi\/\" \/>\n<meta property=\"og:locale\" content=\"az_AZ\" \/>\n<meta property=\"og:type\" content=\"article\" \/>\n<meta property=\"og:title\" content=\"REJ\u0130SSORLUQ M\u018fKT\u018fB\u0130 - Az\u0259rbaycan Film Akademiyas\u0131\" \/>\n<meta property=\"og:description\" content=\"Az\u0259rbaycan Film Akademiyas\u0131,Rejissorluq M\u0259kt\u0259bind\u0259 kinorejissorluq metodlar\u0131 t\u0259dris edilir. Effekti rejissor olma\u011f\u0131n inc\u0259li\u0131kli \u00fc\u00e7\u00fcn rejissorluq kursu\" \/>\n<meta property=\"og:url\" content=\"http:\/\/azfilmacademy.az\/az\/rejissorluq-mektebi\/\" \/>\n<meta property=\"og:site_name\" content=\"Az\u0259rbaycan Film Akademiyas\u0131\" \/>\n<meta property=\"article:publisher\" content=\"https:\/\/www.facebook.com\/azfilmacademy\" \/>\n<meta property=\"article:modified_time\" content=\"2019-02-08T14:06:47+00:00\" \/>\n<meta name=\"twitter:card\" content=\"summary_large_image\" \/>\n<meta name=\"twitter:site\" content=\"@akademiyasi\" \/>\n<meta name=\"twitter:label1\" content=\"Est. reading time\" \/>\n\t<meta name=\"twitter:data1\" content=\"1 minute\" \/>\n<script type=\"application\/ld+json\" class=\"yoast-schema-graph\">{\"@context\":\"https:\/\/schema.org\",\"@graph\":[{\"@type\":\"WebPage\",\"@id\":\"http:\/\/azfilmacademy.az\/rejissorluq-mektebi\/\",\"url\":\"http:\/\/azfilmacademy.az\/rejissorluq-mektebi\/\",\"name\":\"REJ\u0130SSORLUQ M\u018fKT\u018fB\u0130 - Az\u0259rbaycan Film Akademiyas\u0131\",\"isPartOf\":{\"@id\":\"https:\/\/azfilmacademy.az\/#website\"},\"datePublished\":\"2019-02-08T12:42:25+00:00\",\"dateModified\":\"2019-02-08T14:06:47+00:00\",\"description\":\"Az\u0259rbaycan Film Akademiyas\u0131,Rejissorluq M\u0259kt\u0259bind\u0259 kinorejissorluq metodlar\u0131 t\u0259dris edilir. Effekti rejissor olma\u011f\u0131n inc\u0259li\u0131kli \u00fc\u00e7\u00fcn rejissorluq kursu\",\"breadcrumb\":{\"@id\":\"http:\/\/azfilmacademy.az\/rejissorluq-mektebi\/#breadcrumb\"},\"inLanguage\":\"az\",\"potentialAction\":[{\"@type\":\"ReadAction\",\"target\":[\"http:\/\/azfilmacademy.az\/rejissorluq-mektebi\/\"]}]},{\"@type\":\"BreadcrumbList\",\"@id\":\"http:\/\/azfilmacademy.az\/rejissorluq-mektebi\/#breadcrumb\",\"itemListElement\":[{\"@type\":\"ListItem\",\"position\":1,\"name\":\"Home\",\"item\":\"https:\/\/azfilmacademy.az\/\"},{\"@type\":\"ListItem\",\"position\":2,\"name\":\"REJ\u0130SSORLUQ M\u018fKT\u018fB\u0130\"}]},{\"@type\":\"WebSite\",\"@id\":\"https:\/\/azfilmacademy.az\/#website\",\"url\":\"https:\/\/azfilmacademy.az\/\",\"name\":\"Az\u0259rbaycan Film Akademiyas\u0131\",\"description\":\"M\u00fcasir Kino M\u0259rk\u0259zi\",\"publisher\":{\"@id\":\"https:\/\/azfilmacademy.az\/#organization\"},\"potentialAction\":[{\"@type\":\"SearchAction\",\"target\":{\"@type\":\"EntryPoint\",\"urlTemplate\":\"https:\/\/azfilmacademy.az\/?s={search_term_string}\"},\"query-input\":{\"@type\":\"PropertyValueSpecification\",\"valueRequired\":true,\"valueName\":\"search_term_string\"}}],\"inLanguage\":\"az\"},{\"@type\":\"Organization\",\"@id\":\"https:\/\/azfilmacademy.az\/#organization\",\"name\":\"Az\u0259rbaycan Film Akademiyas\u0131\",\"url\":\"https:\/\/azfilmacademy.az\/\",\"logo\":{\"@type\":\"ImageObject\",\"inLanguage\":\"az\",\"@id\":\"https:\/\/azfilmacademy.az\/#\/schema\/logo\/image\/\",\"url\":\"http:\/\/azfilmacademy.az\/wp-content\/uploads\/2019\/01\/milli-kino.png\",\"contentUrl\":\"http:\/\/azfilmacademy.az\/wp-content\/uploads\/2019\/01\/milli-kino.png\",\"width\":90,\"height\":58,\"caption\":\"Az\u0259rbaycan Film Akademiyas\u0131\"},\"image\":{\"@id\":\"https:\/\/azfilmacademy.az\/#\/schema\/logo\/image\/\"},\"sameAs\":[\"https:\/\/www.facebook.com\/azfilmacademy\",\"https:\/\/x.com\/akademiyasi\",\"https:\/\/www.instagram.com\/azfilmacademy.az\/\",\"https:\/\/www.youtube.com\/channel\/UCVIQpxI0jiWS77v2ClLrtwg?view_as=subscriber\"]}]}<\/script>\n<!-- \/ Yoast SEO plugin. -->","yoast_head_json":{"title":"REJ\u0130SSORLUQ M\u018fKT\u018fB\u0130 - Az\u0259rbaycan Film Akademiyas\u0131","description":"Az\u0259rbaycan Film Akademiyas\u0131,Rejissorluq M\u0259kt\u0259bind\u0259 kinorejissorluq metodlar\u0131 t\u0259dris edilir. Effekti rejissor olma\u011f\u0131n inc\u0259li\u0131kli \u00fc\u00e7\u00fcn rejissorluq kursu","robots":{"index":"index","follow":"follow","max-snippet":"max-snippet:-1","max-image-preview":"max-image-preview:large","max-video-preview":"max-video-preview:-1"},"canonical":"http:\/\/azfilmacademy.az\/az\/rejissorluq-mektebi\/","og_locale":"az_AZ","og_type":"article","og_title":"REJ\u0130SSORLUQ M\u018fKT\u018fB\u0130 - Az\u0259rbaycan Film Akademiyas\u0131","og_description":"Az\u0259rbaycan Film Akademiyas\u0131,Rejissorluq M\u0259kt\u0259bind\u0259 kinorejissorluq metodlar\u0131 t\u0259dris edilir. Effekti rejissor olma\u011f\u0131n inc\u0259li\u0131kli \u00fc\u00e7\u00fcn rejissorluq kursu","og_url":"http:\/\/azfilmacademy.az\/az\/rejissorluq-mektebi\/","og_site_name":"Az\u0259rbaycan Film Akademiyas\u0131","article_publisher":"https:\/\/www.facebook.com\/azfilmacademy","article_modified_time":"2019-02-08T14:06:47+00:00","twitter_card":"summary_large_image","twitter_site":"@akademiyasi","twitter_misc":{"Est. reading time":"1 minute"},"schema":{"@context":"https:\/\/schema.org","@graph":[{"@type":"WebPage","@id":"http:\/\/azfilmacademy.az\/rejissorluq-mektebi\/","url":"http:\/\/azfilmacademy.az\/rejissorluq-mektebi\/","name":"REJ\u0130SSORLUQ M\u018fKT\u018fB\u0130 - Az\u0259rbaycan Film Akademiyas\u0131","isPartOf":{"@id":"https:\/\/azfilmacademy.az\/#website"},"datePublished":"2019-02-08T12:42:25+00:00","dateModified":"2019-02-08T14:06:47+00:00","description":"Az\u0259rbaycan Film Akademiyas\u0131,Rejissorluq M\u0259kt\u0259bind\u0259 kinorejissorluq metodlar\u0131 t\u0259dris edilir. Effekti rejissor olma\u011f\u0131n inc\u0259li\u0131kli \u00fc\u00e7\u00fcn rejissorluq kursu","breadcrumb":{"@id":"http:\/\/azfilmacademy.az\/rejissorluq-mektebi\/#breadcrumb"},"inLanguage":"az","potentialAction":[{"@type":"ReadAction","target":["http:\/\/azfilmacademy.az\/rejissorluq-mektebi\/"]}]},{"@type":"BreadcrumbList","@id":"http:\/\/azfilmacademy.az\/rejissorluq-mektebi\/#breadcrumb","itemListElement":[{"@type":"ListItem","position":1,"name":"Home","item":"https:\/\/azfilmacademy.az\/"},{"@type":"ListItem","position":2,"name":"REJ\u0130SSORLUQ M\u018fKT\u018fB\u0130"}]},{"@type":"WebSite","@id":"https:\/\/azfilmacademy.az\/#website","url":"https:\/\/azfilmacademy.az\/","name":"Az\u0259rbaycan Film Akademiyas\u0131","description":"M\u00fcasir Kino M\u0259rk\u0259zi","publisher":{"@id":"https:\/\/azfilmacademy.az\/#organization"},"potentialAction":[{"@type":"SearchAction","target":{"@type":"EntryPoint","urlTemplate":"https:\/\/azfilmacademy.az\/?s={search_term_string}"},"query-input":{"@type":"PropertyValueSpecification","valueRequired":true,"valueName":"search_term_string"}}],"inLanguage":"az"},{"@type":"Organization","@id":"https:\/\/azfilmacademy.az\/#organization","name":"Az\u0259rbaycan Film Akademiyas\u0131","url":"https:\/\/azfilmacademy.az\/","logo":{"@type":"ImageObject","inLanguage":"az","@id":"https:\/\/azfilmacademy.az\/#\/schema\/logo\/image\/","url":"http:\/\/azfilmacademy.az\/wp-content\/uploads\/2019\/01\/milli-kino.png","contentUrl":"http:\/\/azfilmacademy.az\/wp-content\/uploads\/2019\/01\/milli-kino.png","width":90,"height":58,"caption":"Az\u0259rbaycan Film Akademiyas\u0131"},"image":{"@id":"https:\/\/azfilmacademy.az\/#\/schema\/logo\/image\/"},"sameAs":["https:\/\/www.facebook.com\/azfilmacademy","https:\/\/x.com\/akademiyasi","https:\/\/www.instagram.com\/azfilmacademy.az\/","https:\/\/www.youtube.com\/channel\/UCVIQpxI0jiWS77v2ClLrtwg?view_as=subscriber"]}]}},"_links":{"self":[{"href":"https:\/\/azfilmacademy.az\/az\/wp-json\/wp\/v2\/pages\/1702","targetHints":{"allow":["GET"]}}],"collection":[{"href":"https:\/\/azfilmacademy.az\/az\/wp-json\/wp\/v2\/pages"}],"about":[{"href":"https:\/\/azfilmacademy.az\/az\/wp-json\/wp\/v2\/types\/page"}],"author":[{"embeddable":true,"href":"https:\/\/azfilmacademy.az\/az\/wp-json\/wp\/v2\/users\/1"}],"replies":[{"embeddable":true,"href":"https:\/\/azfilmacademy.az\/az\/wp-json\/wp\/v2\/comments?post=1702"}],"version-history":[{"count":8,"href":"https:\/\/azfilmacademy.az\/az\/wp-json\/wp\/v2\/pages\/1702\/revisions"}],"predecessor-version":[{"id":1725,"href":"https:\/\/azfilmacademy.az\/az\/wp-json\/wp\/v2\/pages\/1702\/revisions\/1725"}],"wp:attachment":[{"href":"https:\/\/azfilmacademy.az\/az\/wp-json\/wp\/v2\/media?parent=1702"}],"curies":[{"name":"wp","href":"https:\/\/api.w.org\/{rel}","templated":true}]}}