{"id":1572,"date":"2019-02-07T13:25:31","date_gmt":"2019-02-07T10:25:31","guid":{"rendered":"http:\/\/azfilmacademy.az\/?page_id=1572"},"modified":"2019-02-07T19:51:01","modified_gmt":"2019-02-07T16:51:01","slug":"info","status":"publish","type":"page","link":"https:\/\/azfilmacademy.az\/az\/info\/","title":{"rendered":"\u0130NFO"},"content":{"rendered":"<h2 class=\"wp-block-heading\">M\u0130SS\u0130YAMIZ<\/h2>\n\n\n\n<p>Az\u0259rbaycan Film Akademiyas\u0131, Az\u0259rbaycan film sah\u0259sinin inki\u015faf\u0131 \u00fc\u00e7\u00fcn yarad\u0131lm\u0131\u015f M\u0259hdud M\u0259suliyy\u0259tli C\u0259miyy\u0259tdir. Film istehsal\u0131 v\u0259 kadrlar\u0131n yeti\u015fm\u0259si \u00fc\u00e7\u00fcn kinomatqrafiyan\u0131n b\u00fct\u00fcn sah\u0259l\u0259ri \u00fczr\u0259 t\u0259drisini h\u0259yata ke\u00e7irir. Q\u0131sa zamanda \u00f6n\u0259mli inki\u015faf art\u0131m\u0131n\u0131 h\u0259d\u0259fl\u0259mi\u015fik.<br>Qurum t\u0259hsil alan t\u0259l\u0259b\u0259l\u0259ri sertifikatla t\u0259min edir v\u0259 onlar\u0131n q\u0131sa v\u0259 tammetrajl\u0131 filml\u0259rd\u0259 rol almas\u0131n\u0131 t\u0259\u015fkil edir.<\/p>\n\n\n\n<p><\/p>\n\n\n\n<p><\/p>","protected":false},"excerpt":{"rendered":"<p>M\u0130SS\u0130YAMIZ Az\u0259rbaycan Film Akademiyas\u0131, Az\u0259rbaycan film sah\u0259sinin inki\u015faf\u0131 \u00fc\u00e7\u00fcn yarad\u0131lm\u0131\u015f M\u0259hdud M\u0259suliyy\u0259tli C\u0259miyy\u0259tdir. Film istehsal\u0131&hellip;<\/p>","protected":false},"author":1,"featured_media":0,"parent":0,"menu_order":0,"comment_status":"closed","ping_status":"closed","template":"","meta":{"footnotes":""},"class_list":["post-1572","page","type-page","status-publish","hentry"],"yoast_head":"<!-- This site is optimized with the Yoast SEO plugin v24.9 - https:\/\/yoast.com\/wordpress\/plugins\/seo\/ -->\n<title>\u0130NFO - Az\u0259rbaycan Film Akademiyas\u0131<\/title>\n<meta name=\"description\" content=\"Az\u0259rbaycan film akademiyasi haqqinda, elaqe n\u00f6mr\u0259l\u0259ri, foto qalereya, kino cekilisleri zamani foto goruntuler\" \/>\n<meta name=\"robots\" content=\"index, follow, max-snippet:-1, max-image-preview:large, max-video-preview:-1\" \/>\n<link rel=\"canonical\" href=\"http:\/\/azfilmacademy.az\/az\/info\/\" \/>\n<meta property=\"og:locale\" content=\"az_AZ\" \/>\n<meta property=\"og:type\" content=\"article\" \/>\n<meta property=\"og:title\" content=\"\u0130NFO - Az\u0259rbaycan Film Akademiyas\u0131\" \/>\n<meta property=\"og:description\" content=\"Az\u0259rbaycan film akademiyasi haqqinda, elaqe n\u00f6mr\u0259l\u0259ri, foto qalereya, kino cekilisleri zamani foto goruntuler\" \/>\n<meta property=\"og:url\" content=\"http:\/\/azfilmacademy.az\/az\/info\/\" \/>\n<meta property=\"og:site_name\" content=\"Az\u0259rbaycan Film Akademiyas\u0131\" \/>\n<meta property=\"article:publisher\" content=\"https:\/\/www.facebook.com\/azfilmacademy\" \/>\n<meta property=\"article:modified_time\" content=\"2019-02-07T16:51:01+00:00\" \/>\n<meta name=\"twitter:card\" content=\"summary_large_image\" \/>\n<meta name=\"twitter:site\" content=\"@akademiyasi\" \/>\n<script type=\"application\/ld+json\" class=\"yoast-schema-graph\">{\"@context\":\"https:\/\/schema.org\",\"@graph\":[{\"@type\":\"WebPage\",\"@id\":\"http:\/\/azfilmacademy.az\/info\/\",\"url\":\"http:\/\/azfilmacademy.az\/info\/\",\"name\":\"\u0130NFO - Az\u0259rbaycan Film Akademiyas\u0131\",\"isPartOf\":{\"@id\":\"http:\/\/azfilmacademy.az\/#website\"},\"datePublished\":\"2019-02-07T10:25:31+00:00\",\"dateModified\":\"2019-02-07T16:51:01+00:00\",\"description\":\"Az\u0259rbaycan film akademiyasi haqqinda, elaqe n\u00f6mr\u0259l\u0259ri, foto qalereya, kino cekilisleri zamani foto goruntuler\",\"breadcrumb\":{\"@id\":\"http:\/\/azfilmacademy.az\/info\/#breadcrumb\"},\"inLanguage\":\"az\",\"potentialAction\":[{\"@type\":\"ReadAction\",\"target\":[\"http:\/\/azfilmacademy.az\/info\/\"]}]},{\"@type\":\"BreadcrumbList\",\"@id\":\"http:\/\/azfilmacademy.az\/info\/#breadcrumb\",\"itemListElement\":[{\"@type\":\"ListItem\",\"position\":1,\"name\":\"Home\",\"item\":\"http:\/\/azfilmacademy.az\/az\/\"},{\"@type\":\"ListItem\",\"position\":2,\"name\":\"\u0130NFO\"}]},{\"@type\":\"WebSite\",\"@id\":\"http:\/\/azfilmacademy.az\/#website\",\"url\":\"http:\/\/azfilmacademy.az\/\",\"name\":\"Az\u0259rbaycan Film Akademiyas\u0131\",\"description\":\"M\u00fcasir Kino M\u0259rk\u0259zi\",\"publisher\":{\"@id\":\"http:\/\/azfilmacademy.az\/#organization\"},\"potentialAction\":[{\"@type\":\"SearchAction\",\"target\":{\"@type\":\"EntryPoint\",\"urlTemplate\":\"http:\/\/azfilmacademy.az\/?s={search_term_string}\"},\"query-input\":{\"@type\":\"PropertyValueSpecification\",\"valueRequired\":true,\"valueName\":\"search_term_string\"}}],\"inLanguage\":\"az\"},{\"@type\":\"Organization\",\"@id\":\"http:\/\/azfilmacademy.az\/#organization\",\"name\":\"Az\u0259rbaycan Film Akademiyas\u0131\",\"url\":\"http:\/\/azfilmacademy.az\/\",\"logo\":{\"@type\":\"ImageObject\",\"inLanguage\":\"az\",\"@id\":\"http:\/\/azfilmacademy.az\/#\/schema\/logo\/image\/\",\"url\":\"http:\/\/azfilmacademy.az\/wp-content\/uploads\/2019\/01\/milli-kino.png\",\"contentUrl\":\"http:\/\/azfilmacademy.az\/wp-content\/uploads\/2019\/01\/milli-kino.png\",\"width\":90,\"height\":58,\"caption\":\"Az\u0259rbaycan Film Akademiyas\u0131\"},\"image\":{\"@id\":\"http:\/\/azfilmacademy.az\/#\/schema\/logo\/image\/\"},\"sameAs\":[\"https:\/\/www.facebook.com\/azfilmacademy\",\"https:\/\/x.com\/akademiyasi\",\"https:\/\/www.instagram.com\/azfilmacademy.az\/\",\"https:\/\/www.youtube.com\/channel\/UCVIQpxI0jiWS77v2ClLrtwg?view_as=subscriber\"]}]}<\/script>\n<!-- \/ Yoast SEO plugin. -->","yoast_head_json":{"title":"\u0130NFO - Az\u0259rbaycan Film Akademiyas\u0131","description":"Az\u0259rbaycan film akademiyasi haqqinda, elaqe n\u00f6mr\u0259l\u0259ri, foto qalereya, kino cekilisleri zamani foto goruntuler","robots":{"index":"index","follow":"follow","max-snippet":"max-snippet:-1","max-image-preview":"max-image-preview:large","max-video-preview":"max-video-preview:-1"},"canonical":"http:\/\/azfilmacademy.az\/az\/info\/","og_locale":"az_AZ","og_type":"article","og_title":"\u0130NFO - Az\u0259rbaycan Film Akademiyas\u0131","og_description":"Az\u0259rbaycan film akademiyasi haqqinda, elaqe n\u00f6mr\u0259l\u0259ri, foto qalereya, kino cekilisleri zamani foto goruntuler","og_url":"http:\/\/azfilmacademy.az\/az\/info\/","og_site_name":"Az\u0259rbaycan Film Akademiyas\u0131","article_publisher":"https:\/\/www.facebook.com\/azfilmacademy","article_modified_time":"2019-02-07T16:51:01+00:00","twitter_card":"summary_large_image","twitter_site":"@akademiyasi","schema":{"@context":"https:\/\/schema.org","@graph":[{"@type":"WebPage","@id":"http:\/\/azfilmacademy.az\/info\/","url":"http:\/\/azfilmacademy.az\/info\/","name":"\u0130NFO - Az\u0259rbaycan Film Akademiyas\u0131","isPartOf":{"@id":"http:\/\/azfilmacademy.az\/#website"},"datePublished":"2019-02-07T10:25:31+00:00","dateModified":"2019-02-07T16:51:01+00:00","description":"Az\u0259rbaycan film akademiyasi haqqinda, elaqe n\u00f6mr\u0259l\u0259ri, foto qalereya, kino cekilisleri zamani foto goruntuler","breadcrumb":{"@id":"http:\/\/azfilmacademy.az\/info\/#breadcrumb"},"inLanguage":"az","potentialAction":[{"@type":"ReadAction","target":["http:\/\/azfilmacademy.az\/info\/"]}]},{"@type":"BreadcrumbList","@id":"http:\/\/azfilmacademy.az\/info\/#breadcrumb","itemListElement":[{"@type":"ListItem","position":1,"name":"Home","item":"http:\/\/azfilmacademy.az\/az\/"},{"@type":"ListItem","position":2,"name":"\u0130NFO"}]},{"@type":"WebSite","@id":"http:\/\/azfilmacademy.az\/#website","url":"http:\/\/azfilmacademy.az\/","name":"Az\u0259rbaycan Film Akademiyas\u0131","description":"M\u00fcasir Kino M\u0259rk\u0259zi","publisher":{"@id":"http:\/\/azfilmacademy.az\/#organization"},"potentialAction":[{"@type":"SearchAction","target":{"@type":"EntryPoint","urlTemplate":"http:\/\/azfilmacademy.az\/?s={search_term_string}"},"query-input":{"@type":"PropertyValueSpecification","valueRequired":true,"valueName":"search_term_string"}}],"inLanguage":"az"},{"@type":"Organization","@id":"http:\/\/azfilmacademy.az\/#organization","name":"Az\u0259rbaycan Film Akademiyas\u0131","url":"http:\/\/azfilmacademy.az\/","logo":{"@type":"ImageObject","inLanguage":"az","@id":"http:\/\/azfilmacademy.az\/#\/schema\/logo\/image\/","url":"http:\/\/azfilmacademy.az\/wp-content\/uploads\/2019\/01\/milli-kino.png","contentUrl":"http:\/\/azfilmacademy.az\/wp-content\/uploads\/2019\/01\/milli-kino.png","width":90,"height":58,"caption":"Az\u0259rbaycan Film Akademiyas\u0131"},"image":{"@id":"http:\/\/azfilmacademy.az\/#\/schema\/logo\/image\/"},"sameAs":["https:\/\/www.facebook.com\/azfilmacademy","https:\/\/x.com\/akademiyasi","https:\/\/www.instagram.com\/azfilmacademy.az\/","https:\/\/www.youtube.com\/channel\/UCVIQpxI0jiWS77v2ClLrtwg?view_as=subscriber"]}]}},"_links":{"self":[{"href":"https:\/\/azfilmacademy.az\/az\/wp-json\/wp\/v2\/pages\/1572","targetHints":{"allow":["GET"]}}],"collection":[{"href":"https:\/\/azfilmacademy.az\/az\/wp-json\/wp\/v2\/pages"}],"about":[{"href":"https:\/\/azfilmacademy.az\/az\/wp-json\/wp\/v2\/types\/page"}],"author":[{"embeddable":true,"href":"https:\/\/azfilmacademy.az\/az\/wp-json\/wp\/v2\/users\/1"}],"replies":[{"embeddable":true,"href":"https:\/\/azfilmacademy.az\/az\/wp-json\/wp\/v2\/comments?post=1572"}],"version-history":[{"count":4,"href":"https:\/\/azfilmacademy.az\/az\/wp-json\/wp\/v2\/pages\/1572\/revisions"}],"predecessor-version":[{"id":1647,"href":"https:\/\/azfilmacademy.az\/az\/wp-json\/wp\/v2\/pages\/1572\/revisions\/1647"}],"wp:attachment":[{"href":"https:\/\/azfilmacademy.az\/az\/wp-json\/wp\/v2\/media?parent=1572"}],"curies":[{"name":"wp","href":"https:\/\/api.w.org\/{rel}","templated":true}]}}