{"id":144,"date":"2017-12-15T14:30:29","date_gmt":"2017-12-15T14:30:29","guid":{"rendered":"http:\/\/azfilmacademy.az\/?page_id=144"},"modified":"2023-08-04T16:54:02","modified_gmt":"2023-08-04T13:54:02","slug":"azerbaycan-kino-akademiyasi","status":"publish","type":"page","link":"https:\/\/azfilmacademy.az\/az\/azerbaycan-kino-akademiyasi\/","title":{"rendered":"\u018flaq\u0259"},"content":{"rendered":"<div class=\"vc_row wpb_row vc_row-fluid\"><div class=\"wpb_column vc_column_container vc_col-sm-12 sc_layouts_column_icons_position_left\"><div class=\"vc_column-inner\"><div class=\"wpb_wrapper\"><div class=\"vc_empty_space\"   style=\"height: 5em\" ><span class=\"vc_empty_space_inner\"><\/span><\/div>\n<div class=\"vc_empty_space  hide_on_mobile\"   style=\"height: 2.5em\" ><span class=\"vc_empty_space_inner\"><\/span><\/div>\n<div id=\"sc_title_339222128\"\n\t\tclass=\"sc_title color_style_default sc_title_default sc_align_left\"><h3 class=\"sc_item_title sc_title_title sc_align_left sc_item_title_style_default\">\u018flaq\u0259d\u0259 olmaq<\/h3><\/div><!-- \/.sc_title --><div class=\"vc_empty_space\"   style=\"height: 0.6em\" ><span class=\"vc_empty_space_inner\"><\/span><\/div>\n<\/div><\/div><\/div><div class=\"wpb_column vc_column_container vc_col-sm-6 sc_layouts_column_icons_position_left\"><div class=\"vc_column-inner\"><div class=\"wpb_wrapper\"><div id=\"sc_content_1144137634\"\n\t\tclass=\"sc_content color_style_default sc_content_default sc_content_width_90p sc_float_left\"><div class=\"sc_content_container\"><div class=\"vc_empty_space\"   style=\"height: 1em\" ><span class=\"vc_empty_space_inner\"><\/span><\/div>\n\n\t<div class=\"wpb_text_column wpb_content_element\" >\n\t\t<div class=\"wpb_wrapper\">\n\t\t\t<p>Film sektorunda aktyor (aktrisa), rejissor, operator, montaj\u00e7\u0131, i\u015f\u0131q\u00e7\u0131, r\u0259ssam, ssenarist v\u0259 dig\u0259r sah\u0259l\u0259r \u00fczr\u0259 \u00e7al\u0131\u015fmaq ist\u0259y\u0259nl\u0259r sa\u011fdak\u0131 blank\u0131 dolduraraq v\u0259 ya a\u015fa\u011f\u0131dak\u0131 \u0259laq\u0259 vasit\u0259l\u0259ri il\u0259 biziml\u0259 \u0259laq\u0259 qura bil\u0259rl\u0259r.<\/p>\n\n\t\t<\/div>\n\t<\/div>\n<div class=\"vc_empty_space\"   style=\"height: 0.3em\" ><span class=\"vc_empty_space_inner\"><\/span><\/div>\n<div id=\"widget_contacts_1839661533\" class=\"widget_area sc_widget_contacts vc_widget_contacts wpb_content_element\"><aside id=\"widget_contacts_1839661533_widget\" class=\"widget widget_contacts\"><div class=\"contacts_wrap\"><div class=\"contacts_info\"><span class=\"contacts_address\"><span class=\"label\">address<\/span>Bak\u0131 \u015f\u0259h\u0259ri, X\u0259tai prospekti 172 e<\/span><span class=\"contacts_phone\"><span class=\"label\">Mobil n\u00f6mr\u0259<\/span><a href=\"tel:+994703366072\" class=\"phone\">+99470 336 6072<\/a><\/span><span class=\"contacts_email\"><span class=\"label\">Email<\/span><a href=\"mailto:&#105;&#110;f&#111;&#64;a&#122;fi&#108;&#109;acade&#109;&#121;.&#97;z\">&#105;&#110;&#102;&#111;&#64;az&#102;il&#109;aca&#100;&#101;&#109;&#121;&#46;a&#122;<\/a><\/span><\/div><\/div><!-- \/.contacts_wrap --><\/aside><\/div><div class=\"vc_empty_space\"   style=\"height: 3.5em\" ><span class=\"vc_empty_space_inner\"><\/span><\/div>\n<\/div><\/div><!-- \/.sc_content --><\/div><\/div><\/div><div class=\"wpb_column vc_column_container vc_col-sm-6 sc_layouts_column_icons_position_left\"><div class=\"vc_column-inner\"><div class=\"wpb_wrapper\">\n\t<div class=\"wpb_text_column wpb_content_element\" >\n\t\t<div class=\"wpb_wrapper\">\n\t\t\t\n<div class=\"wpcf7 no-js\" id=\"wpcf7-f370-o1\" lang=\"en-US\" dir=\"ltr\" data-wpcf7-id=\"370\">\n<div class=\"screen-reader-response\"><p role=\"status\" aria-live=\"polite\" aria-atomic=\"true\"><\/p> <ul><\/ul><\/div>\n<form action=\"\/az\/wp-json\/wp\/v2\/pages\/144#wpcf7-f370-o1\" method=\"post\" class=\"wpcf7-form init\" aria-label=\"Contact form\" novalidate=\"novalidate\" data-status=\"init\" data-trp-original-action=\"\/az\/wp-json\/wp\/v2\/pages\/144#wpcf7-f370-o1\">\n<div style=\"display: none;\">\n<input type=\"hidden\" name=\"_wpcf7\" value=\"370\" \/>\n<input type=\"hidden\" name=\"_wpcf7_version\" value=\"6.0.6\" \/>\n<input type=\"hidden\" name=\"_wpcf7_locale\" value=\"en_US\" \/>\n<input type=\"hidden\" name=\"_wpcf7_unit_tag\" value=\"wpcf7-f370-o1\" \/>\n<input type=\"hidden\" name=\"_wpcf7_container_post\" value=\"0\" \/>\n<input type=\"hidden\" name=\"_wpcf7_posted_data_hash\" value=\"\" \/>\n<\/div>\n<div class=\"columns_wrap\">\n\t<div class=\"column-1_2\">\n\t\t<p><span class=\"wpcf7-form-control-wrap\" data-name=\"your-name\"><input size=\"40\" maxlength=\"400\" class=\"wpcf7-form-control wpcf7-text wpcf7-validates-as-required\" aria-required=\"true\" aria-invalid=\"false\" placeholder=\"Ad\u0131n\u0131z\" value=\"\" type=\"text\" name=\"your-name\" \/><\/span>\n\t\t<\/p>\n\t<\/div>\n\t<div class=\"column-1_2\">\n\t\t<p><span class=\"wpcf7-form-control-wrap\" data-name=\"your-email\"><input size=\"40\" maxlength=\"400\" class=\"wpcf7-form-control wpcf7-email wpcf7-validates-as-required wpcf7-text wpcf7-validates-as-email\" aria-required=\"true\" aria-invalid=\"false\" placeholder=\"Email\" value=\"\" type=\"email\" name=\"your-email\" \/><\/span>\n\t\t<\/p>\n\t<\/div>\n<\/div>\n<div class=\"columns_wrap\">\n\t<div class=\"column-1_1\">\n\t\t<p><span class=\"wpcf7-form-control-wrap\" data-name=\"your-subject\"><input size=\"40\" maxlength=\"400\" class=\"wpcf7-form-control wpcf7-text\" aria-invalid=\"false\" placeholder=\"M\u00f6vzu\" value=\"\" type=\"text\" name=\"your-subject\" \/><\/span>\n\t\t<\/p>\n\t<\/div>\n<\/div>\n<div class=\"columns_wrap\">\n\t<div class=\"column-1_1\">\n\t\t<p><span class=\"wpcf7-form-control-wrap\" data-name=\"your-message\"><textarea cols=\"40\" rows=\"10\" maxlength=\"2000\" class=\"wpcf7-form-control wpcf7-textarea\" aria-invalid=\"false\" placeholder=\"Mesaj\" name=\"your-message\"><\/textarea><\/span>\n\t\t<\/p>\n\t<\/div>\n<\/div>\n<p><input class=\"wpcf7-form-control wpcf7-submit has-spinner\" type=\"submit\" value=\"mesaj\u0131n\u0131z\u0131 g\u00f6nd\u0259rin\" \/>\n<\/p><p style=\"display: none !important;\" class=\"akismet-fields-container\" data-prefix=\"_wpcf7_ak_\"><label>&#916;<textarea name=\"_wpcf7_ak_hp_textarea\" cols=\"45\" rows=\"8\" maxlength=\"100\"><\/textarea><\/label><input type=\"hidden\" id=\"ak_js_1\" name=\"_wpcf7_ak_js\" value=\"70\"\/><script>document.getElementById( \"ak_js_1\" ).setAttribute( \"value\", ( new Date() ).getTime() );<\/script><\/p><div class=\"wpcf7-response-output\" aria-hidden=\"true\"><\/div>\n<input type=\"hidden\" name=\"trp-form-language\" value=\"az\"\/><\/form>\n<\/div>\n\n\n\t\t<\/div>\n\t<\/div>\n<div class=\"vc_empty_space\"   style=\"height: 3.5em\" ><span class=\"vc_empty_space_inner\"><\/span><\/div>\n<\/div><\/div><\/div><\/div><div class=\"vc_row wpb_row vc_row-fluid\"><div class=\"wpb_column vc_column_container vc_col-sm-12 sc_layouts_column_icons_position_left\"><div class=\"vc_column-inner\"><div class=\"wpb_wrapper\"><div class=\"vc_empty_space\"   style=\"height: 0.5em\" ><span class=\"vc_empty_space_inner\"><\/span><\/div>\n<div class=\"vc_empty_space  hide_on_mobile\"   style=\"height: 1.5em\" ><span class=\"vc_empty_space_inner\"><\/span><\/div>\n<\/div><\/div><\/div><\/div><div class=\"vc_row wpb_row vc_row-fluid\"><div class=\"wpb_column vc_column_container vc_col-sm-12 sc_layouts_column_icons_position_left\"><div class=\"vc_column-inner\"><div class=\"wpb_wrapper\">\n\t<div class=\"wpb_text_column wpb_content_element\" >\n\t\t<div class=\"wpb_wrapper\">\n\t\t\t<div id=\"sc_title_984110852\" class=\"sc_title color_style_default sc_title_default sc_align_left\">\n<h2 class=\"sc_item_title sc_title_title sc_align_left sc_item_title_style_default\">M\u0130SS\u0130YAMIZ<\/h2>\n<\/div>\n<div class=\"vc_empty_space\"><\/div>\n<div class=\"wpb_text_column wpb_content_element\">\n<div class=\"wpb_wrapper\">\n<p>Az\u0259rbaycan Film Akademiyas\u0131, Az\u0259rbaycan film sah\u0259sinin inki\u015faf\u0131 \u00fc\u00e7\u00fcn yarad\u0131lm\u0131\u015f M\u0259hdud M\u0259suliyy\u0259tli C\u0259miyy\u0259tdir. Film istehsal\u0131 v\u0259 kadrlar\u0131n yeti\u015fm\u0259si \u00fc\u00e7\u00fcn kinomatqrafiyan\u0131n b\u00fct\u00fcn sah\u0259l\u0259ri \u00fczr\u0259 t\u0259drisini h\u0259yata ke\u00e7irir. Q\u0131sa zamanda \u00f6n\u0259mli inki\u015faf art\u0131m\u0131n\u0131 h\u0259d\u0259fl\u0259mi\u015fik.<br \/>\nQurum t\u0259hsil alan t\u0259l\u0259b\u0259l\u0259ri sertifikatla t\u0259min edir v\u0259 onlar\u0131n q\u0131sa v\u0259 tammetrajl\u0131 filml\u0259rd\u0259 rol almas\u0131n\u0131 t\u0259\u015fkil edir.<\/p>\n<\/div>\n<\/div>\n\n\t\t<\/div>\n\t<\/div>\n<\/div><\/div><\/div><\/div><div data-vc-full-width=\"true\" data-vc-full-width-init=\"false\" data-vc-stretch-content=\"true\" class=\"vc_row wpb_row vc_row-fluid vc_row-no-padding\"><div class=\"wpb_column vc_column_container vc_col-sm-12 sc_layouts_column_icons_position_left\"><div class=\"vc_column-inner\"><div class=\"wpb_wrapper\"><div id=\"sc_googlemap_829707526_wrap\" class=\"sc_googlemap_wrap\"><div id=\"sc_googlemap_829707526\"\n\t\t\tclass=\"sc_googlemap sc_googlemap_default\"\n\t\t\t style=\"width:100%;height:397px;\"\t\t\tdata-zoom=\"13\"\n\t\t\tdata-style=\"extra\"\n\t\t\tdata-cluster-icon=\"\"\n\t\t\t><div id=\"sc_googlemap_829707526_1\" class=\"sc_googlemap_marker\"\n\t\t\t\t\t\tdata-latlng=\"\"\n\t\t\t\t\t\tdata-address=\"398-232 Captain Rd Longmeadow, MA 01106\"\n\t\t\t\t\t\tdata-description=\"\"\n\t\t\t\t\t\tdata-title=\"\"\n\t\t\t\t\t\tdata-icon=\"\"\n\t\t\t\t\t\tdata-icon_shadow=\"\"\n\t\t\t\t\t\tdata-icon_width=\"\"\n\t\t\t\t\t\tdata-icon_height=\"\"\n\t\t\t\t\t\t><\/div><\/div><\/div><!-- \/.sc_googlemap_wrap --><\/div><\/div><\/div><\/div><div class=\"vc_row-full-width vc_clearfix\"><\/div>","protected":false},"excerpt":{"rendered":"\u018flaq\u0259d\u0259 olmaq Film sektorunda aktyor (aktrisa), rejissor, operator, montaj\u00e7\u0131, i\u015f\u0131q\u00e7\u0131, r\u0259ssam, ssenarist v\u0259 dig\u0259r sah\u0259l\u0259r&hellip;","protected":false},"author":1,"featured_media":0,"parent":0,"menu_order":0,"comment_status":"closed","ping_status":"closed","template":"","meta":{"footnotes":""},"class_list":["post-144","page","type-page","status-publish","hentry"],"yoast_head":"<!-- This site is optimized with the Yoast SEO plugin v24.9 - https:\/\/yoast.com\/wordpress\/plugins\/seo\/ -->\n<title>\u018flaq\u0259 - Az\u0259rbaycan Film Akademiyas\u0131<\/title>\n<meta name=\"description\" content=\"Az\u0259rbaycan film Akademiyas\u0131 Az\u0259rbaycan\u0131n Milli Kino Akademiyas\u0131d\u0131r. Milli Kino M\u0259rk\u0259zind\u0259 d\u00fcnya standartlar\u0131na cavab ver\u0259n yeni filmler istehsal edilir.\" \/>\n<meta name=\"robots\" content=\"index, follow, max-snippet:-1, max-image-preview:large, max-video-preview:-1\" \/>\n<link rel=\"canonical\" href=\"https:\/\/azfilmacademy.az\/az\/azerbaycan-kino-akademiyasi\/\" \/>\n<meta property=\"og:locale\" content=\"az_AZ\" \/>\n<meta property=\"og:type\" content=\"article\" \/>\n<meta property=\"og:title\" content=\"\u018flaq\u0259 - Az\u0259rbaycan Film Akademiyas\u0131\" \/>\n<meta property=\"og:description\" content=\"Az\u0259rbaycan film Akademiyas\u0131 Az\u0259rbaycan\u0131n Milli Kino Akademiyas\u0131d\u0131r. Milli Kino M\u0259rk\u0259zind\u0259 d\u00fcnya standartlar\u0131na cavab ver\u0259n yeni filmler istehsal edilir.\" \/>\n<meta property=\"og:url\" content=\"https:\/\/azfilmacademy.az\/az\/azerbaycan-kino-akademiyasi\/\" \/>\n<meta property=\"og:site_name\" content=\"Az\u0259rbaycan Film Akademiyas\u0131\" \/>\n<meta property=\"article:publisher\" content=\"https:\/\/www.facebook.com\/azfilmacademy\" \/>\n<meta property=\"article:modified_time\" content=\"2023-08-04T13:54:02+00:00\" \/>\n<meta name=\"twitter:card\" content=\"summary_large_image\" \/>\n<meta name=\"twitter:site\" content=\"@akademiyasi\" \/>\n<meta name=\"twitter:label1\" content=\"Est. reading time\" \/>\n\t<meta name=\"twitter:data1\" content=\"2 minutes\" \/>\n<script type=\"application\/ld+json\" class=\"yoast-schema-graph\">{\"@context\":\"https:\/\/schema.org\",\"@graph\":[{\"@type\":\"WebPage\",\"@id\":\"https:\/\/azfilmacademy.az\/az\/azerbaycan-kino-akademiyasi\/\",\"url\":\"https:\/\/azfilmacademy.az\/az\/azerbaycan-kino-akademiyasi\/\",\"name\":\"\u018flaq\u0259 - Az\u0259rbaycan Film Akademiyas\u0131\",\"isPartOf\":{\"@id\":\"https:\/\/azfilmacademy.az\/#website\"},\"datePublished\":\"2017-12-15T14:30:29+00:00\",\"dateModified\":\"2023-08-04T13:54:02+00:00\",\"description\":\"Az\u0259rbaycan film Akademiyas\u0131 Az\u0259rbaycan\u0131n Milli Kino Akademiyas\u0131d\u0131r. Milli Kino M\u0259rk\u0259zind\u0259 d\u00fcnya standartlar\u0131na cavab ver\u0259n yeni filmler istehsal edilir.\",\"breadcrumb\":{\"@id\":\"https:\/\/azfilmacademy.az\/az\/azerbaycan-kino-akademiyasi\/#breadcrumb\"},\"inLanguage\":\"az\",\"potentialAction\":[{\"@type\":\"ReadAction\",\"target\":[\"https:\/\/azfilmacademy.az\/az\/azerbaycan-kino-akademiyasi\/\"]}]},{\"@type\":\"BreadcrumbList\",\"@id\":\"https:\/\/azfilmacademy.az\/az\/azerbaycan-kino-akademiyasi\/#breadcrumb\",\"itemListElement\":[{\"@type\":\"ListItem\",\"position\":1,\"name\":\"Home\",\"item\":\"https:\/\/azfilmacademy.az\/\"},{\"@type\":\"ListItem\",\"position\":2,\"name\":\"\u018flaq\u0259\"}]},{\"@type\":\"WebSite\",\"@id\":\"https:\/\/azfilmacademy.az\/#website\",\"url\":\"https:\/\/azfilmacademy.az\/\",\"name\":\"Az\u0259rbaycan Film Akademiyas\u0131\",\"description\":\"M\u00fcasir Kino M\u0259rk\u0259zi\",\"publisher\":{\"@id\":\"https:\/\/azfilmacademy.az\/#organization\"},\"potentialAction\":[{\"@type\":\"SearchAction\",\"target\":{\"@type\":\"EntryPoint\",\"urlTemplate\":\"https:\/\/azfilmacademy.az\/?s={search_term_string}\"},\"query-input\":{\"@type\":\"PropertyValueSpecification\",\"valueRequired\":true,\"valueName\":\"search_term_string\"}}],\"inLanguage\":\"az\"},{\"@type\":\"Organization\",\"@id\":\"https:\/\/azfilmacademy.az\/#organization\",\"name\":\"Az\u0259rbaycan Film Akademiyas\u0131\",\"url\":\"https:\/\/azfilmacademy.az\/\",\"logo\":{\"@type\":\"ImageObject\",\"inLanguage\":\"az\",\"@id\":\"https:\/\/azfilmacademy.az\/#\/schema\/logo\/image\/\",\"url\":\"http:\/\/azfilmacademy.az\/wp-content\/uploads\/2019\/01\/milli-kino.png\",\"contentUrl\":\"http:\/\/azfilmacademy.az\/wp-content\/uploads\/2019\/01\/milli-kino.png\",\"width\":90,\"height\":58,\"caption\":\"Az\u0259rbaycan Film Akademiyas\u0131\"},\"image\":{\"@id\":\"https:\/\/azfilmacademy.az\/#\/schema\/logo\/image\/\"},\"sameAs\":[\"https:\/\/www.facebook.com\/azfilmacademy\",\"https:\/\/x.com\/akademiyasi\",\"https:\/\/www.instagram.com\/azfilmacademy.az\/\",\"https:\/\/www.youtube.com\/channel\/UCVIQpxI0jiWS77v2ClLrtwg?view_as=subscriber\"]}]}<\/script>\n<!-- \/ Yoast SEO plugin. -->","yoast_head_json":{"title":"\u018flaq\u0259 - Az\u0259rbaycan Film Akademiyas\u0131","description":"Az\u0259rbaycan film Akademiyas\u0131 Az\u0259rbaycan\u0131n Milli Kino Akademiyas\u0131d\u0131r. Milli Kino M\u0259rk\u0259zind\u0259 d\u00fcnya standartlar\u0131na cavab ver\u0259n yeni filmler istehsal edilir.","robots":{"index":"index","follow":"follow","max-snippet":"max-snippet:-1","max-image-preview":"max-image-preview:large","max-video-preview":"max-video-preview:-1"},"canonical":"https:\/\/azfilmacademy.az\/az\/azerbaycan-kino-akademiyasi\/","og_locale":"az_AZ","og_type":"article","og_title":"\u018flaq\u0259 - Az\u0259rbaycan Film Akademiyas\u0131","og_description":"Az\u0259rbaycan film Akademiyas\u0131 Az\u0259rbaycan\u0131n Milli Kino Akademiyas\u0131d\u0131r. Milli Kino M\u0259rk\u0259zind\u0259 d\u00fcnya standartlar\u0131na cavab ver\u0259n yeni filmler istehsal edilir.","og_url":"https:\/\/azfilmacademy.az\/az\/azerbaycan-kino-akademiyasi\/","og_site_name":"Az\u0259rbaycan Film Akademiyas\u0131","article_publisher":"https:\/\/www.facebook.com\/azfilmacademy","article_modified_time":"2023-08-04T13:54:02+00:00","twitter_card":"summary_large_image","twitter_site":"@akademiyasi","twitter_misc":{"Est. reading time":"2 minutes"},"schema":{"@context":"https:\/\/schema.org","@graph":[{"@type":"WebPage","@id":"https:\/\/azfilmacademy.az\/az\/azerbaycan-kino-akademiyasi\/","url":"https:\/\/azfilmacademy.az\/az\/azerbaycan-kino-akademiyasi\/","name":"\u018flaq\u0259 - Az\u0259rbaycan Film Akademiyas\u0131","isPartOf":{"@id":"https:\/\/azfilmacademy.az\/#website"},"datePublished":"2017-12-15T14:30:29+00:00","dateModified":"2023-08-04T13:54:02+00:00","description":"Az\u0259rbaycan film Akademiyas\u0131 Az\u0259rbaycan\u0131n Milli Kino Akademiyas\u0131d\u0131r. Milli Kino M\u0259rk\u0259zind\u0259 d\u00fcnya standartlar\u0131na cavab ver\u0259n yeni filmler istehsal edilir.","breadcrumb":{"@id":"https:\/\/azfilmacademy.az\/az\/azerbaycan-kino-akademiyasi\/#breadcrumb"},"inLanguage":"az","potentialAction":[{"@type":"ReadAction","target":["https:\/\/azfilmacademy.az\/az\/azerbaycan-kino-akademiyasi\/"]}]},{"@type":"BreadcrumbList","@id":"https:\/\/azfilmacademy.az\/az\/azerbaycan-kino-akademiyasi\/#breadcrumb","itemListElement":[{"@type":"ListItem","position":1,"name":"Home","item":"https:\/\/azfilmacademy.az\/"},{"@type":"ListItem","position":2,"name":"\u018flaq\u0259"}]},{"@type":"WebSite","@id":"https:\/\/azfilmacademy.az\/#website","url":"https:\/\/azfilmacademy.az\/","name":"Az\u0259rbaycan Film Akademiyas\u0131","description":"M\u00fcasir Kino M\u0259rk\u0259zi","publisher":{"@id":"https:\/\/azfilmacademy.az\/#organization"},"potentialAction":[{"@type":"SearchAction","target":{"@type":"EntryPoint","urlTemplate":"https:\/\/azfilmacademy.az\/?s={search_term_string}"},"query-input":{"@type":"PropertyValueSpecification","valueRequired":true,"valueName":"search_term_string"}}],"inLanguage":"az"},{"@type":"Organization","@id":"https:\/\/azfilmacademy.az\/#organization","name":"Az\u0259rbaycan Film Akademiyas\u0131","url":"https:\/\/azfilmacademy.az\/","logo":{"@type":"ImageObject","inLanguage":"az","@id":"https:\/\/azfilmacademy.az\/#\/schema\/logo\/image\/","url":"http:\/\/azfilmacademy.az\/wp-content\/uploads\/2019\/01\/milli-kino.png","contentUrl":"http:\/\/azfilmacademy.az\/wp-content\/uploads\/2019\/01\/milli-kino.png","width":90,"height":58,"caption":"Az\u0259rbaycan Film Akademiyas\u0131"},"image":{"@id":"https:\/\/azfilmacademy.az\/#\/schema\/logo\/image\/"},"sameAs":["https:\/\/www.facebook.com\/azfilmacademy","https:\/\/x.com\/akademiyasi","https:\/\/www.instagram.com\/azfilmacademy.az\/","https:\/\/www.youtube.com\/channel\/UCVIQpxI0jiWS77v2ClLrtwg?view_as=subscriber"]}]}},"_links":{"self":[{"href":"https:\/\/azfilmacademy.az\/az\/wp-json\/wp\/v2\/pages\/144","targetHints":{"allow":["GET"]}}],"collection":[{"href":"https:\/\/azfilmacademy.az\/az\/wp-json\/wp\/v2\/pages"}],"about":[{"href":"https:\/\/azfilmacademy.az\/az\/wp-json\/wp\/v2\/types\/page"}],"author":[{"embeddable":true,"href":"https:\/\/azfilmacademy.az\/az\/wp-json\/wp\/v2\/users\/1"}],"replies":[{"embeddable":true,"href":"https:\/\/azfilmacademy.az\/az\/wp-json\/wp\/v2\/comments?post=144"}],"version-history":[{"count":6,"href":"https:\/\/azfilmacademy.az\/az\/wp-json\/wp\/v2\/pages\/144\/revisions"}],"predecessor-version":[{"id":3009,"href":"https:\/\/azfilmacademy.az\/az\/wp-json\/wp\/v2\/pages\/144\/revisions\/3009"}],"wp:attachment":[{"href":"https:\/\/azfilmacademy.az\/az\/wp-json\/wp\/v2\/media?parent=144"}],"curies":[{"name":"wp","href":"https:\/\/api.w.org\/{rel}","templated":true}]}}