{"id":2259,"date":"2019-07-20T22:40:55","date_gmt":"2019-07-20T19:40:55","guid":{"rendered":"http:\/\/azfilmacademy.az\/register\/"},"modified":"2019-07-21T01:46:22","modified_gmt":"2019-07-20T22:46:22","slug":"qeydiyyat-azfilm-academy","status":"publish","type":"page","link":"http:\/\/azfilmacademy.az\/az\/qeydiyyat-azfilm-academy\/","title":{"rendered":"QEYD\u0130YYAT"},"content":{"rendered":"","protected":true},"excerpt":{"rendered":"","protected":true},"author":1,"featured_media":0,"parent":0,"menu_order":0,"comment_status":"closed","ping_status":"closed","template":"","meta":{"footnotes":""},"class_list":["post-2259","page","type-page","status-publish","post-password-required","hentry"],"yoast_head":"<!-- This site is optimized with the Yoast SEO plugin v24.9 - https:\/\/yoast.com\/wordpress\/plugins\/seo\/ -->\n<title>QEYD\u0130YYAT - Az\u0259rbaycan Film Akademiyas\u0131<\/title>\n<meta name=\"robots\" content=\"index, follow, max-snippet:-1, max-image-preview:large, max-video-preview:-1\" \/>\n<link rel=\"canonical\" href=\"https:\/\/azfilmacademy.az\/az\/qeydiyyat-azfilm-academy\/\" \/>\n<meta property=\"og:locale\" content=\"az_AZ\" \/>\n<meta property=\"og:type\" content=\"article\" \/>\n<meta property=\"og:title\" content=\"QEYD\u0130YYAT - Az\u0259rbaycan Film Akademiyas\u0131\" \/>\n<meta property=\"og:description\" content=\"Burada al\u0131nt\u0131 yoxdur \u00e7\u00fcnki bu yaz\u0131 parolla qorunur.\" \/>\n<meta property=\"og:url\" content=\"https:\/\/azfilmacademy.az\/az\/qeydiyyat-azfilm-academy\/\" \/>\n<meta property=\"og:site_name\" content=\"Az\u0259rbaycan Film Akademiyas\u0131\" \/>\n<meta property=\"article:publisher\" content=\"https:\/\/www.facebook.com\/azfilmacademy\" \/>\n<meta property=\"article:modified_time\" content=\"2019-07-20T22:46:22+00:00\" \/>\n<meta name=\"twitter:card\" content=\"summary_large_image\" \/>\n<meta name=\"twitter:site\" content=\"@akademiyasi\" \/>\n<script type=\"application\/ld+json\" class=\"yoast-schema-graph\">{\"@context\":\"https:\/\/schema.org\",\"@graph\":[{\"@type\":\"WebPage\",\"@id\":\"https:\/\/azfilmacademy.az\/qeydiyyat-azfilm-academy\/\",\"url\":\"https:\/\/azfilmacademy.az\/qeydiyyat-azfilm-academy\/\",\"name\":\"QEYD\u0130YYAT - Az\u0259rbaycan Film Akademiyas\u0131\",\"isPartOf\":{\"@id\":\"https:\/\/azfilmacademy.az\/#website\"},\"datePublished\":\"2019-07-20T19:40:55+00:00\",\"dateModified\":\"2019-07-20T22:46:22+00:00\",\"breadcrumb\":{\"@id\":\"https:\/\/azfilmacademy.az\/qeydiyyat-azfilm-academy\/#breadcrumb\"},\"inLanguage\":\"az\"},{\"@type\":\"WebSite\",\"@id\":\"https:\/\/azfilmacademy.az\/#website\",\"url\":\"https:\/\/azfilmacademy.az\/\",\"name\":\"Az\u0259rbaycan Film Akademiyas\u0131\",\"description\":\"M\u00fcasir Kino M\u0259rk\u0259zi\",\"publisher\":{\"@id\":\"https:\/\/azfilmacademy.az\/#organization\"},\"potentialAction\":[{\"@type\":\"SearchAction\",\"target\":{\"@type\":\"EntryPoint\",\"urlTemplate\":\"https:\/\/azfilmacademy.az\/?s={search_term_string}\"},\"query-input\":{\"@type\":\"PropertyValueSpecification\",\"valueRequired\":true,\"valueName\":\"search_term_string\"}}],\"inLanguage\":\"az\"},{\"@type\":\"Organization\",\"@id\":\"https:\/\/azfilmacademy.az\/#organization\",\"name\":\"Az\u0259rbaycan Film Akademiyas\u0131\",\"url\":\"https:\/\/azfilmacademy.az\/\",\"logo\":{\"@type\":\"ImageObject\",\"inLanguage\":\"az\",\"@id\":\"https:\/\/azfilmacademy.az\/#\/schema\/logo\/image\/\",\"url\":\"http:\/\/azfilmacademy.az\/wp-content\/uploads\/2019\/01\/milli-kino.png\",\"contentUrl\":\"http:\/\/azfilmacademy.az\/wp-content\/uploads\/2019\/01\/milli-kino.png\",\"width\":90,\"height\":58,\"caption\":\"Az\u0259rbaycan Film Akademiyas\u0131\"},\"image\":{\"@id\":\"https:\/\/azfilmacademy.az\/#\/schema\/logo\/image\/\"},\"sameAs\":[\"https:\/\/www.facebook.com\/azfilmacademy\",\"https:\/\/x.com\/akademiyasi\",\"https:\/\/www.instagram.com\/azfilmacademy.az\/\",\"https:\/\/www.youtube.com\/channel\/UCVIQpxI0jiWS77v2ClLrtwg?view_as=subscriber\"]}]}<\/script>\n<!-- \/ Yoast SEO plugin. -->","yoast_head_json":{"title":"QEYD\u0130YYAT - Az\u0259rbaycan Film Akademiyas\u0131","robots":{"index":"index","follow":"follow","max-snippet":"max-snippet:-1","max-image-preview":"max-image-preview:large","max-video-preview":"max-video-preview:-1"},"canonical":"https:\/\/azfilmacademy.az\/az\/qeydiyyat-azfilm-academy\/","og_locale":"az_AZ","og_type":"article","og_title":"QEYD\u0130YYAT - Az\u0259rbaycan Film Akademiyas\u0131","og_description":"Burada al\u0131nt\u0131 yoxdur \u00e7\u00fcnki bu yaz\u0131 parolla qorunur.","og_url":"https:\/\/azfilmacademy.az\/az\/qeydiyyat-azfilm-academy\/","og_site_name":"Az\u0259rbaycan Film Akademiyas\u0131","article_publisher":"https:\/\/www.facebook.com\/azfilmacademy","article_modified_time":"2019-07-20T22:46:22+00:00","twitter_card":"summary_large_image","twitter_site":"@akademiyasi","schema":{"@context":"https:\/\/schema.org","@graph":[{"@type":"WebPage","@id":"https:\/\/azfilmacademy.az\/qeydiyyat-azfilm-academy\/","url":"https:\/\/azfilmacademy.az\/qeydiyyat-azfilm-academy\/","name":"QEYD\u0130YYAT - Az\u0259rbaycan Film Akademiyas\u0131","isPartOf":{"@id":"https:\/\/azfilmacademy.az\/#website"},"datePublished":"2019-07-20T19:40:55+00:00","dateModified":"2019-07-20T22:46:22+00:00","breadcrumb":{"@id":"https:\/\/azfilmacademy.az\/qeydiyyat-azfilm-academy\/#breadcrumb"},"inLanguage":"az"},{"@type":"WebSite","@id":"https:\/\/azfilmacademy.az\/#website","url":"https:\/\/azfilmacademy.az\/","name":"Az\u0259rbaycan Film Akademiyas\u0131","description":"M\u00fcasir Kino M\u0259rk\u0259zi","publisher":{"@id":"https:\/\/azfilmacademy.az\/#organization"},"potentialAction":[{"@type":"SearchAction","target":{"@type":"EntryPoint","urlTemplate":"https:\/\/azfilmacademy.az\/?s={search_term_string}"},"query-input":{"@type":"PropertyValueSpecification","valueRequired":true,"valueName":"search_term_string"}}],"inLanguage":"az"},{"@type":"Organization","@id":"https:\/\/azfilmacademy.az\/#organization","name":"Az\u0259rbaycan Film Akademiyas\u0131","url":"https:\/\/azfilmacademy.az\/","logo":{"@type":"ImageObject","inLanguage":"az","@id":"https:\/\/azfilmacademy.az\/#\/schema\/logo\/image\/","url":"http:\/\/azfilmacademy.az\/wp-content\/uploads\/2019\/01\/milli-kino.png","contentUrl":"http:\/\/azfilmacademy.az\/wp-content\/uploads\/2019\/01\/milli-kino.png","width":90,"height":58,"caption":"Az\u0259rbaycan Film Akademiyas\u0131"},"image":{"@id":"https:\/\/azfilmacademy.az\/#\/schema\/logo\/image\/"},"sameAs":["https:\/\/www.facebook.com\/azfilmacademy","https:\/\/x.com\/akademiyasi","https:\/\/www.instagram.com\/azfilmacademy.az\/","https:\/\/www.youtube.com\/channel\/UCVIQpxI0jiWS77v2ClLrtwg?view_as=subscriber"]}]}},"_links":{"self":[{"href":"http:\/\/azfilmacademy.az\/az\/wp-json\/wp\/v2\/pages\/2259","targetHints":{"allow":["GET"]}}],"collection":[{"href":"http:\/\/azfilmacademy.az\/az\/wp-json\/wp\/v2\/pages"}],"about":[{"href":"http:\/\/azfilmacademy.az\/az\/wp-json\/wp\/v2\/types\/page"}],"author":[{"embeddable":true,"href":"http:\/\/azfilmacademy.az\/az\/wp-json\/wp\/v2\/users\/1"}],"replies":[{"embeddable":true,"href":"http:\/\/azfilmacademy.az\/az\/wp-json\/wp\/v2\/comments?post=2259"}],"version-history":[{"count":3,"href":"http:\/\/azfilmacademy.az\/az\/wp-json\/wp\/v2\/pages\/2259\/revisions"}],"predecessor-version":[{"id":2303,"href":"http:\/\/azfilmacademy.az\/az\/wp-json\/wp\/v2\/pages\/2259\/revisions\/2303"}],"wp:attachment":[{"href":"http:\/\/azfilmacademy.az\/az\/wp-json\/wp\/v2\/media?parent=2259"}],"curies":[{"name":"wp","href":"https:\/\/api.w.org\/{rel}","templated":true}]}}