{"id":1226,"date":"2019-02-03T15:46:17","date_gmt":"2019-02-03T12:46:17","guid":{"rendered":"http:\/\/azfilmacademy.az\/?page_id=1226"},"modified":"2019-02-08T23:12:54","modified_gmt":"2019-02-08T20:12:54","slug":"qalereya","status":"publish","type":"page","link":"http:\/\/azfilmacademy.az\/az\/qalereya\/","title":{"rendered":"QALEREYA"},"content":{"rendered":"<div class=\"vc_row wpb_row vc_row-fluid\"><div class=\"wpb_column vc_column_container vc_col-sm-12 sc_layouts_column_icons_position_left\"><div class=\"vc_column-inner\"><div class=\"wpb_wrapper\"><div class=\"wpb_gallery wpb_content_element vc_clearfix\" ><div class=\"wpb_wrapper\"><div class=\"wpb_gallery_slides wpb_flexslider flexslider_fade flexslider\" data-interval=\"15\" data-flex_fx=\"fade\"><ul class=\"slides\"><li><a class=\"prettyphoto\" href=\"http:\/\/azfilmacademy.az\/wp-content\/plugins\/js_composer\/assets\/vc\/no_image.png\" data-rel=\"prettyPhoto[rel-1226-1158484880]\"><img decoding=\"async\" src=\"http:\/\/azfilmacademy.az\/wp-content\/plugins\/js_composer\/assets\/vc\/no_image.png\" \/><\/a><\/li><li><a class=\"prettyphoto\" href=\"http:\/\/azfilmacademy.az\/wp-content\/plugins\/js_composer\/assets\/vc\/no_image.png\" data-rel=\"prettyPhoto[rel-1226-1158484880]\"><img decoding=\"async\" src=\"http:\/\/azfilmacademy.az\/wp-content\/plugins\/js_composer\/assets\/vc\/no_image.png\" \/><\/a><\/li><li><a class=\"prettyphoto\" href=\"http:\/\/azfilmacademy.az\/wp-content\/plugins\/js_composer\/assets\/vc\/no_image.png\" data-rel=\"prettyPhoto[rel-1226-1158484880]\"><img decoding=\"async\" src=\"http:\/\/azfilmacademy.az\/wp-content\/plugins\/js_composer\/assets\/vc\/no_image.png\" \/><\/a><\/li><\/ul><\/div><\/div><\/div><\/div><\/div><\/div><\/div><div class=\"vc_row wpb_row vc_row-fluid\"><div class=\"wpb_column vc_column_container vc_col-sm-12 sc_layouts_column_icons_position_left\"><div class=\"vc_column-inner\"><div class=\"wpb_wrapper\">\n\t<div class=\"wpb_text_column wpb_content_element\" >\n\t\t<div class=\"wpb_wrapper\">\n\t\t\t<p>Az\u0259rbaycan Film Akademiyas\u0131 Az\u0259rbaycan kino sah\u0259sind\u0259 yeni v\u0259 maraql\u0131 filml\u0259r istehsal etm\u0259kl\u0259 yana\u015f\u0131, rejissorluq kurslar\u0131, aktyorluq kurslar\u0131 , kino operatorluq, kino montaj d\u0259rsl\u0259rini t\u0259\u015fkil edir.<\/p>\n<p>Kursa qat\u0131lmaq ist\u0259y\u0259nl\u0259r\u00a0<strong>+994 70 336 60 72<\/strong>\u00a0n\u011fmr\u0259si il\u0259 \u0259laq\u0259 saxlaya v\u0259 ya yuxar\u0131dak\u0131 qeydiyyat formunu doldura bil\u0259rl\u0259r.<\/p>\n<div id=\"sc_title_984110852\" class=\"sc_title color_style_default sc_title_default sc_align_left\">\n<h2 class=\"sc_item_title sc_title_title sc_align_left sc_item_title_style_default\">M\u0130SS\u0130YAMIZ<\/h2>\n<\/div>\n<div class=\"wpb_text_column wpb_content_element\">\n<div class=\"wpb_wrapper\">\n<p>Az\u0259rbaycan Film Akademiyas\u0131, Az\u0259rbaycan film sah\u0259sinin inki\u015faf\u0131 \u00fc\u00e7\u00fcn yarad\u0131lm\u0131\u015f M\u0259hdud M\u0259suliyy\u0259tli C\u0259miyy\u0259tdir. Film istehsal\u0131 v\u0259 kadrlar\u0131n yeti\u015fm\u0259si \u00fc\u00e7\u00fcn kinomatqrafiyan\u0131n b\u00fct\u00fcn sah\u0259l\u0259ri \u00fczr\u0259 t\u0259drisini h\u0259yata ke\u00e7irir. Q\u0131sa zamanda \u00f6n\u0259mli inki\u015faf art\u0131m\u0131n\u0131 h\u0259d\u0259fl\u0259mi\u015fik.<br \/>\nQurum t\u0259hsil alan t\u0259l\u0259b\u0259l\u0259ri sertifikatla t\u0259min edir v\u0259 onlar\u0131n q\u0131sa v\u0259 tammetrajl\u0131 filml\u0259rd\u0259 rol almas\u0131n\u0131 t\u0259\u015fkil edir.<\/p>\n<\/div>\n<\/div>\n\n\t\t<\/div>\n\t<\/div>\n<\/div><\/div><\/div><\/div>","protected":false},"excerpt":{"rendered":"Az\u0259rbaycan Film Akademiyas\u0131 Az\u0259rbaycan kino sah\u0259sind\u0259 yeni v\u0259 maraql\u0131 filml\u0259r istehsal etm\u0259kl\u0259 yana\u015f\u0131, rejissorluq kurslar\u0131,&hellip;","protected":false},"author":1,"featured_media":0,"parent":0,"menu_order":0,"comment_status":"closed","ping_status":"closed","template":"","meta":{"footnotes":""},"class_list":["post-1226","page","type-page","status-publish","hentry"],"yoast_head":"<!-- This site is optimized with the Yoast SEO plugin v24.9 - https:\/\/yoast.com\/wordpress\/plugins\/seo\/ -->\n<title>QALEREYA - Az\u0259rbaycan Film Akademiyas\u0131<\/title>\n<meta name=\"description\" content=\"Yeni Azerbaycan filmleri ve onlarin cekilisleri zamani cekilen foto ve video goruntuler. Milli kino merkezi Milli Kino Akademiyasi heyyetinin fotolari\" \/>\n<meta name=\"robots\" content=\"index, follow, max-snippet:-1, max-image-preview:large, max-video-preview:-1\" \/>\n<link rel=\"canonical\" href=\"https:\/\/azfilmacademy.az\/az\/qalereya\/\" \/>\n<meta property=\"og:locale\" content=\"az_AZ\" \/>\n<meta property=\"og:type\" content=\"article\" \/>\n<meta property=\"og:title\" content=\"QALEREYA - Az\u0259rbaycan Film Akademiyas\u0131\" \/>\n<meta property=\"og:description\" content=\"Yeni Azerbaycan filmleri ve onlarin cekilisleri zamani cekilen foto ve video goruntuler. Milli kino merkezi Milli Kino Akademiyasi heyyetinin fotolari\" \/>\n<meta property=\"og:url\" content=\"https:\/\/azfilmacademy.az\/az\/qalereya\/\" \/>\n<meta property=\"og:site_name\" content=\"Az\u0259rbaycan Film Akademiyas\u0131\" \/>\n<meta property=\"article:publisher\" content=\"https:\/\/www.facebook.com\/azfilmacademy\" \/>\n<meta property=\"article:modified_time\" content=\"2019-02-08T20:12:54+00:00\" \/>\n<meta name=\"twitter:card\" content=\"summary_large_image\" \/>\n<meta name=\"twitter:site\" content=\"@akademiyasi\" \/>\n<meta name=\"twitter:label1\" content=\"Est. reading time\" \/>\n\t<meta name=\"twitter:data1\" content=\"1 minute\" \/>\n<script type=\"application\/ld+json\" class=\"yoast-schema-graph\">{\"@context\":\"https:\/\/schema.org\",\"@graph\":[{\"@type\":\"WebPage\",\"@id\":\"https:\/\/azfilmacademy.az\/qalereya\/\",\"url\":\"https:\/\/azfilmacademy.az\/qalereya\/\",\"name\":\"QALEREYA - Az\u0259rbaycan Film Akademiyas\u0131\",\"isPartOf\":{\"@id\":\"http:\/\/azfilmacademy.az\/#website\"},\"datePublished\":\"2019-02-03T12:46:17+00:00\",\"dateModified\":\"2019-02-08T20:12:54+00:00\",\"description\":\"Yeni Azerbaycan filmleri ve onlarin cekilisleri zamani cekilen foto ve video goruntuler. Milli kino merkezi Milli Kino Akademiyasi heyyetinin fotolari\",\"breadcrumb\":{\"@id\":\"https:\/\/azfilmacademy.az\/qalereya\/#breadcrumb\"},\"inLanguage\":\"az\",\"potentialAction\":[{\"@type\":\"ReadAction\",\"target\":[\"https:\/\/azfilmacademy.az\/qalereya\/\"]}]},{\"@type\":\"BreadcrumbList\",\"@id\":\"https:\/\/azfilmacademy.az\/qalereya\/#breadcrumb\",\"itemListElement\":[{\"@type\":\"ListItem\",\"position\":1,\"name\":\"Home\",\"item\":\"http:\/\/azfilmacademy.az\/az\/\"},{\"@type\":\"ListItem\",\"position\":2,\"name\":\"QALEREYA\"}]},{\"@type\":\"WebSite\",\"@id\":\"http:\/\/azfilmacademy.az\/#website\",\"url\":\"http:\/\/azfilmacademy.az\/\",\"name\":\"Az\u0259rbaycan Film Akademiyas\u0131\",\"description\":\"M\u00fcasir Kino M\u0259rk\u0259zi\",\"publisher\":{\"@id\":\"http:\/\/azfilmacademy.az\/#organization\"},\"potentialAction\":[{\"@type\":\"SearchAction\",\"target\":{\"@type\":\"EntryPoint\",\"urlTemplate\":\"http:\/\/azfilmacademy.az\/?s={search_term_string}\"},\"query-input\":{\"@type\":\"PropertyValueSpecification\",\"valueRequired\":true,\"valueName\":\"search_term_string\"}}],\"inLanguage\":\"az\"},{\"@type\":\"Organization\",\"@id\":\"http:\/\/azfilmacademy.az\/#organization\",\"name\":\"Az\u0259rbaycan Film Akademiyas\u0131\",\"url\":\"http:\/\/azfilmacademy.az\/\",\"logo\":{\"@type\":\"ImageObject\",\"inLanguage\":\"az\",\"@id\":\"http:\/\/azfilmacademy.az\/#\/schema\/logo\/image\/\",\"url\":\"http:\/\/azfilmacademy.az\/wp-content\/uploads\/2019\/01\/milli-kino.png\",\"contentUrl\":\"http:\/\/azfilmacademy.az\/wp-content\/uploads\/2019\/01\/milli-kino.png\",\"width\":90,\"height\":58,\"caption\":\"Az\u0259rbaycan Film Akademiyas\u0131\"},\"image\":{\"@id\":\"http:\/\/azfilmacademy.az\/#\/schema\/logo\/image\/\"},\"sameAs\":[\"https:\/\/www.facebook.com\/azfilmacademy\",\"https:\/\/x.com\/akademiyasi\",\"https:\/\/www.instagram.com\/azfilmacademy.az\/\",\"https:\/\/www.youtube.com\/channel\/UCVIQpxI0jiWS77v2ClLrtwg?view_as=subscriber\"]}]}<\/script>\n<!-- \/ Yoast SEO plugin. -->","yoast_head_json":{"title":"QALEREYA - Az\u0259rbaycan Film Akademiyas\u0131","description":"Yeni Azerbaycan filmleri ve onlarin cekilisleri zamani cekilen foto ve video goruntuler. Milli kino merkezi Milli Kino Akademiyasi heyyetinin fotolari","robots":{"index":"index","follow":"follow","max-snippet":"max-snippet:-1","max-image-preview":"max-image-preview:large","max-video-preview":"max-video-preview:-1"},"canonical":"https:\/\/azfilmacademy.az\/az\/qalereya\/","og_locale":"az_AZ","og_type":"article","og_title":"QALEREYA - Az\u0259rbaycan Film Akademiyas\u0131","og_description":"Yeni Azerbaycan filmleri ve onlarin cekilisleri zamani cekilen foto ve video goruntuler. Milli kino merkezi Milli Kino Akademiyasi heyyetinin fotolari","og_url":"https:\/\/azfilmacademy.az\/az\/qalereya\/","og_site_name":"Az\u0259rbaycan Film Akademiyas\u0131","article_publisher":"https:\/\/www.facebook.com\/azfilmacademy","article_modified_time":"2019-02-08T20:12:54+00:00","twitter_card":"summary_large_image","twitter_site":"@akademiyasi","twitter_misc":{"Est. reading time":"1 minute"},"schema":{"@context":"https:\/\/schema.org","@graph":[{"@type":"WebPage","@id":"https:\/\/azfilmacademy.az\/qalereya\/","url":"https:\/\/azfilmacademy.az\/qalereya\/","name":"QALEREYA - Az\u0259rbaycan Film Akademiyas\u0131","isPartOf":{"@id":"http:\/\/azfilmacademy.az\/#website"},"datePublished":"2019-02-03T12:46:17+00:00","dateModified":"2019-02-08T20:12:54+00:00","description":"Yeni Azerbaycan filmleri ve onlarin cekilisleri zamani cekilen foto ve video goruntuler. Milli kino merkezi Milli Kino Akademiyasi heyyetinin fotolari","breadcrumb":{"@id":"https:\/\/azfilmacademy.az\/qalereya\/#breadcrumb"},"inLanguage":"az","potentialAction":[{"@type":"ReadAction","target":["https:\/\/azfilmacademy.az\/qalereya\/"]}]},{"@type":"BreadcrumbList","@id":"https:\/\/azfilmacademy.az\/qalereya\/#breadcrumb","itemListElement":[{"@type":"ListItem","position":1,"name":"Home","item":"http:\/\/azfilmacademy.az\/az\/"},{"@type":"ListItem","position":2,"name":"QALEREYA"}]},{"@type":"WebSite","@id":"http:\/\/azfilmacademy.az\/#website","url":"http:\/\/azfilmacademy.az\/","name":"Az\u0259rbaycan Film Akademiyas\u0131","description":"M\u00fcasir Kino M\u0259rk\u0259zi","publisher":{"@id":"http:\/\/azfilmacademy.az\/#organization"},"potentialAction":[{"@type":"SearchAction","target":{"@type":"EntryPoint","urlTemplate":"http:\/\/azfilmacademy.az\/?s={search_term_string}"},"query-input":{"@type":"PropertyValueSpecification","valueRequired":true,"valueName":"search_term_string"}}],"inLanguage":"az"},{"@type":"Organization","@id":"http:\/\/azfilmacademy.az\/#organization","name":"Az\u0259rbaycan Film Akademiyas\u0131","url":"http:\/\/azfilmacademy.az\/","logo":{"@type":"ImageObject","inLanguage":"az","@id":"http:\/\/azfilmacademy.az\/#\/schema\/logo\/image\/","url":"http:\/\/azfilmacademy.az\/wp-content\/uploads\/2019\/01\/milli-kino.png","contentUrl":"http:\/\/azfilmacademy.az\/wp-content\/uploads\/2019\/01\/milli-kino.png","width":90,"height":58,"caption":"Az\u0259rbaycan Film Akademiyas\u0131"},"image":{"@id":"http:\/\/azfilmacademy.az\/#\/schema\/logo\/image\/"},"sameAs":["https:\/\/www.facebook.com\/azfilmacademy","https:\/\/x.com\/akademiyasi","https:\/\/www.instagram.com\/azfilmacademy.az\/","https:\/\/www.youtube.com\/channel\/UCVIQpxI0jiWS77v2ClLrtwg?view_as=subscriber"]}]}},"_links":{"self":[{"href":"http:\/\/azfilmacademy.az\/az\/wp-json\/wp\/v2\/pages\/1226","targetHints":{"allow":["GET"]}}],"collection":[{"href":"http:\/\/azfilmacademy.az\/az\/wp-json\/wp\/v2\/pages"}],"about":[{"href":"http:\/\/azfilmacademy.az\/az\/wp-json\/wp\/v2\/types\/page"}],"author":[{"embeddable":true,"href":"http:\/\/azfilmacademy.az\/az\/wp-json\/wp\/v2\/users\/1"}],"replies":[{"embeddable":true,"href":"http:\/\/azfilmacademy.az\/az\/wp-json\/wp\/v2\/comments?post=1226"}],"version-history":[{"count":8,"href":"http:\/\/azfilmacademy.az\/az\/wp-json\/wp\/v2\/pages\/1226\/revisions"}],"predecessor-version":[{"id":1757,"href":"http:\/\/azfilmacademy.az\/az\/wp-json\/wp\/v2\/pages\/1226\/revisions\/1757"}],"wp:attachment":[{"href":"http:\/\/azfilmacademy.az\/az\/wp-json\/wp\/v2\/media?parent=1226"}],"curies":[{"name":"wp","href":"https:\/\/api.w.org\/{rel}","templated":true}]}}